{"id":1069,"date":"2021-08-01T14:06:51","date_gmt":"2021-08-01T16:06:51","guid":{"rendered":"https:\/\/www.myrace.lt\/klajoklis\/?page_id=1069"},"modified":"2021-09-25T18:45:34","modified_gmt":"2021-09-25T20:45:34","slug":"1069-2","status":"publish","type":"page","link":"https:\/\/www.myrace.lt\/klajoklis\/nuostatai\/1069-2\/","title":{"rendered":"KLAJOKLIO MARATONAS #18: \u0160ventoji (NUOSTATAI)"},"content":{"rendered":"<div class=\"kvgmc6g5 cxmmr5t8 oygrvhab hcukyx3x c1et5uql\" style=\"text-align: center;\"><span style=\"color: #000000;\"><strong><span style=\"font-size: 24pt;\">KLAJOKLIO MARATONAS #18: \u0160ventoji<\/span><\/strong><\/span><\/div>\n<div class=\"o9v6fnle cxmmr5t8 oygrvhab hcukyx3x c1et5uql\" style=\"text-align: center;\"><em><strong><span style=\"color: #000000; font-size: 14pt;\">Renginio generalinis r\u0117m\u0117jas &#8211; ARIMEX<\/span><\/strong><\/em><\/div>\n<div><\/div>\n<div><\/div>\n<div class=\"o9v6fnle cxmmr5t8 oygrvhab hcukyx3x c1et5uql\" style=\"text-align: center;\"><strong><span style=\"font-size: 18pt; color: #000000;\">NUOSTATAI<\/span><\/strong><\/div>\n<div><\/div>\n<div class=\"o9v6fnle cxmmr5t8 oygrvhab hcukyx3x c1et5uql\"><span style=\"font-size: 14pt; color: #000000;\">I. BENDROJI DALIS<\/span><br \/>\n<span style=\"color: #000000;\">Maratonas KLAJOKLIS \u2013 tai maratonas klajojantis per visas gra\u017eiausias Lietuvos vietas.<\/span><br \/>\n<span style=\"color: #000000;\">KLAJOKLIO maratonas #18 \u012fvyks vienoje gra\u017eiausi\u0173 Lietuvos viet\u0173, viename nuostabiame paj\u016brio miestelyje &#8211; \u0160ventojoje<\/span><br \/>\n<span style=\"color: #000000;\">Klajoklio maratono #18 startas 2021-09-26 11:00val.<\/span><\/div>\n<div><\/div>\n<div class=\"o9v6fnle cxmmr5t8 oygrvhab hcukyx3x c1et5uql\"><span style=\"font-size: 14pt; color: #000000;\"><br \/>\nII. TIKSLAI IR U\u017dDAVINIAI<\/span><br \/>\n<span style=\"color: #000000;\">1. Populiarinti maraton\u0173 b\u0117gimo kult\u016br\u0105 Lietuvoje.<\/span><br \/>\n<span style=\"color: #000000;\">2. Per b\u0117gim\u0105 susipa\u017einti su gra\u017eiausiomis Lietuvos vietomis.<\/span><br \/>\n<span style=\"color: #000000;\">3. \u012eveikti piln\u0105 maratono tras\u0105 (bet pagal pasiruo\u0161im\u0105 bus galima b\u0117gti ir pus\u0119 maratono).<\/span><br \/>\n<span style=\"color: #000000;\">4. Pl\u0117sti ilg\u0173 distancij\u0173 b\u0117gik\u0173 bendruomen\u0119.<\/span><\/div>\n<div><\/div>\n<div class=\"o9v6fnle cxmmr5t8 oygrvhab hcukyx3x c1et5uql\"><span style=\"font-size: 14pt; color: #000000;\"><br \/>\nIII. RENGINIO ORGANIZATORI\u0172 ATSAKOMYB\u0116 IR PAREIGOS<\/span><br \/>\n<span style=\"color: #000000;\">1. Registruoti renginio dalyvius, pagaminti ir i\u0161duoti numerius.<\/span><br \/>\n<span style=\"color: #000000;\">2. I\u0161matuoti tras\u0105 bei techni\u0161kai paruo\u0161ti j\u0105 var\u017eyboms.<\/span><br \/>\n<span style=\"color: #000000;\">3. U\u017efiksuoti dalyvi\u0173 b\u0117gimo rezultatus ir juos u\u017eprotokoluoti.<\/span><\/div>\n<div><\/div>\n<div class=\"o9v6fnle cxmmr5t8 oygrvhab hcukyx3x c1et5uql\"><span style=\"font-size: 14pt; color: #000000;\"><br \/>\nIV. VAR\u017dYB\u0172 VIETA, LAIKAS IR NUOTOLIAI<\/span><br \/>\n<span style=\"color: #000000;\">Vieta &#8211; \u0160ventosios miestelis.<\/span><br \/>\n<span style=\"color: #000000;\">Startas:<\/span><br \/>\n<span style=\"color: #000000;\">&#8222;Klajoklio&#8221; distancija \u2013 2021 m. rugs\u0117jo 26d. 11.00val.<\/span><br \/>\n<span style=\"color: #000000;\">&#8222;Klajokliuko&#8221; distancija \u2013 2021 m. rugs\u0117jo 26d. 13.00val.<\/span><br \/>\n<span style=\"color: #000000;\">Distancijos &#8211; Klajoklio distancija (42,2km, 36,9km, 31,6km, 26,3km, pusmaratonis, 15,8km, 10,6km, 5,3km) ir Klajokliuko distancija (1km).<\/span><br \/>\n<span style=\"color: #000000;\">Starto vieta: \u0160ventoji, J\u016bros g. 7<\/span><br \/>\n<span style=\"color: #000000;\">Tiksli starto vieta bus patikslinta<\/span><\/div>\n<div><\/div>\n<div class=\"o9v6fnle cxmmr5t8 oygrvhab hcukyx3x c1et5uql\"><span style=\"font-size: 14pt; color: #000000;\"><br \/>\nV. TRASA IR LAIKO LIMITAS<\/span><br \/>\n<span style=\"color: #000000;\">Trasa bus pa\u017eym\u0117ta spec. \u017eenklinimu.<\/span><br \/>\n<span style=\"color: #000000;\">Trasos danga \u2013 asfaltas, mi\u0161ko keliukai.<\/span><br \/>\n<span style=\"color: #000000;\">Laiko limitas &#8211; 6val. maratonui.<\/span><br \/>\n<span style=\"color: #000000;\">Kitoms distancijoms laiko limito netaikome.<\/span><\/div>\n<div><\/div>\n<div class=\"o9v6fnle cxmmr5t8 oygrvhab hcukyx3x c1et5uql\"><span style=\"font-size: 14pt; color: #000000;\"><br \/>\nVI. DALYVIAI<\/span><br \/>\n<span style=\"color: #000000;\">1.Var\u017eybose gali dalyvauti tik u\u017esiregistrav\u0119, pasitikrin\u0119 sveikat\u0105 ir susipa\u017ein\u0119 su b\u0117gimo nuostatais. Visi dalyviai b\u0117gime dalyvauja laisva valia ir niekieno never\u010diami ir prisiima vis\u0105 su dalyvavimu b\u0117gime susijusi\u0105 (tame tarpe su \u012fvairiais sveikatos sutrikimais ir pan.) rizik\u0105 bei \u012fsipareigoja d\u0117l to nereik\u0161ti renginio organizatoriams joki\u0173 pretenzij\u0173.<\/span><br \/>\n<span style=\"color: #000000;\">2. U\u017e jaunesnius nei 18 met\u0173 dalyvius vis\u0105 atsakomyb\u0119 prisiima j\u0173 t\u0117vai, treneriai arba glob\u0117jai.<\/span><\/div>\n<div><\/div>\n<div class=\"o9v6fnle cxmmr5t8 oygrvhab hcukyx3x c1et5uql\"><span style=\"font-size: 14pt; color: #000000;\"><br \/>\nVII. SPECIALIOS S\u0104LYGOS IR APRIBOJIMAI<\/span><br \/>\n<span style=\"color: #000000;\">1. Registruotis \u012f b\u0117gim\u0105 galima tik savo vardu. Savo numer\u012f perduoti kitam dalyviui draud\u017eiama. Tokiu atveju dalyviai bus diskvalifikuojami, o rezultatai \u012f var\u017eyb\u0173 protokol\u0105 ne\u012ftraukiami.<\/span><br \/>\n<span style=\"color: #000000;\">2. Kiekvienas dalyvis var\u017eybose privalo tur\u0117ti ant mar\u0161kin\u0117li\u0173 tvarkingai pritvirtint\u0105 numer\u012f. Numeris turi b\u016bti ant mar\u0161kin\u0117li\u0173 priekio (kr\u016btin\u0117s), ai\u0161kiai matomoje vietoje .<\/span><br \/>\n<span style=\"color: #000000;\">3. Var\u017eyb\u0173 dalyviams nors kiek nukrypti nuo b\u0117gimo trasos yra draud\u017eiama. Dalyviai, pa\u017eeid\u0119 \u0161i\u0105 taisykl\u0119, bus diskvalifikuojami.<\/span><br \/>\n<span style=\"color: #000000;\">4. Var\u017eyb\u0173 organizatoriai neatsako u\u017e dalyvi\u0173 sveikat\u0105 ar sveikatos sutrikimus, patirtus b\u0117gimo metu. Dalyviai privalo pasitikrinti sveikat\u0105.<\/span><br \/>\n<span style=\"color: #000000;\">5. Kiekvienas dalyvis u\u017esiregistruodamas savaime sutinka, kad renginio organizatoriai visas renginio metu padarytas nuotraukas bei filmuot\u0105 med\u017eiag\u0105 gali laisvai, be atskiro sutikimo, naudoti rinkodaros tikslais.<\/span><\/div>\n<div><\/div>\n<div class=\"o9v6fnle cxmmr5t8 oygrvhab hcukyx3x c1et5uql\"><span style=\"font-size: 14pt; color: #000000;\"><br \/>\nVIII. SPECIAL\u016aS PUNKTAI TRASOJE<\/span><br \/>\n<span style=\"color: #000000;\">Trasoje bus \u012frengtos vandens ir pasistiprinimo stotel\u0117s kuriose var\u017eyb\u0173 metu dalyviai gal\u0117s atsigaivinti vandeniu, Cola, ir pasistiprinti vaisiais, sausainiais, u\u017ekand\u017eiais.<\/span><\/div>\n<div><\/div>\n<div class=\"o9v6fnle cxmmr5t8 oygrvhab hcukyx3x c1et5uql\"><span style=\"font-size: 14pt; color: #000000;\"><br \/>\nIX. APDOVANOJIMAI<\/span><br \/>\n<span style=\"color: #000000;\">Visiems dalyviams bus \u012fteikti atminimo medaliai.<\/span><br \/>\n<span style=\"color: #000000;\">Taip pat visiems dalyviams bus \u012fteikti r\u0117m\u0117j\u0173 dovanos.<\/span><br \/>\n<span style=\"color: #000000;\">Bus apdovanoti maratono ir pusmaratonio distancijos trys prizininkai moter\u0173 ir vyr\u0173 kategorijoje. Jiems bus \u012fteikto taur\u0117s ir r\u0117m\u0117j\u0173 prizai.<\/span><\/div>\n<div><\/div>\n<div class=\"o9v6fnle cxmmr5t8 oygrvhab hcukyx3x c1et5uql\"><span style=\"font-size: 14pt; color: #000000;\"><br \/>\nX. DALYVI\u0172 STARTINIS MOKESTIS<\/span><br \/>\n<span style=\"color: #000000;\">Startinis mokestis:<\/span><br \/>\n<span style=\"color: #000000;\">1-30 dalyvis:<\/span><br \/>\n<span style=\"color: #000000;\">Klajoklio distancija: 10Eur.<\/span><br \/>\n<span style=\"color: #000000;\">Klajokliuko distancija: 5Eur.<\/span><br \/>\n<span style=\"color: #000000;\">31-50 dalyvis:<\/span><br \/>\n<span style=\"color: #000000;\">Klajoklio distancija: 12Eur.<\/span><br \/>\n<span style=\"color: #000000;\">Klajokliuko distancija: 5Eur.<\/span><br \/>\n<span style=\"color: #000000;\">51-80 dalyvis:<\/span><br \/>\n<span style=\"color: #000000;\">Klajoklio distancija: 14Eur.<\/span><br \/>\n<span style=\"color: #000000;\">Klajokliuko distancija: 6Eur.<\/span><br \/>\n<span style=\"color: #000000;\">81-&#8230; dalyvis:<\/span><br \/>\n<span style=\"color: #000000;\">Klajoklio distancija: 15Eur.<\/span><br \/>\n<span style=\"color: #000000;\">Klajokliuko distancija: 7Eur.<\/span><br \/>\n<span style=\"color: #000000;\">Starto vietoje:<\/span><br \/>\n<span style=\"color: #000000;\">&#8222;Klajoklio&#8221; distancija &#8211; 20\u20ac<\/span><br \/>\n<span style=\"color: #000000;\">Klajokliuko&#8221; distancija &#8211; 10\u20ac<\/span><br \/>\n<span style=\"color: #000000;\">Dalyvio startinis mokestis gr\u0105\u017einamas tik var\u017eyb\u0173 at\u0161aukimo atveju.<\/span><br \/>\n<span style=\"color: #000000;\">Norint perleisti savo registracij\u0105 kitam dalyviui mokamas 5\u20ac mokestis.<\/span><\/div>\n<div><\/div>\n<div class=\"o9v6fnle cxmmr5t8 oygrvhab hcukyx3x c1et5uql\"><span style=\"font-size: 14pt; color: #000000;\"><br \/>\nXI. DALYVI\u0172 REGISTRAVIMAS IR NUMERI\u0172 I\u0160DAVIMAS<\/span><br \/>\n<span style=\"color: #000000;\">Dalyvi\u0173 registracija: Dalyvi\u0173 registracija vykdoma per Paysera sistem\u0105:<\/span><\/div>\n<div class=\"o9v6fnle cxmmr5t8 oygrvhab hcukyx3x c1et5uql\"><span style=\"color: #000000;\"><a class=\"oajrlxb2 g5ia77u1 qu0x051f esr5mh6w e9989ue4 r7d6kgcz rq0escxv nhd2j8a9 nc684nl6 p7hjln8o kvgmc6g5 cxmmr5t8 oygrvhab hcukyx3x jb3vyjys rz4wbd8a qt6c0cv9 a8nywdso i1ao9s8h esuyzwwr f1sip0of lzcic4wl py34i1dx gpro0wi8\" style=\"color: #000000;\" tabindex=\"0\" role=\"link\" href=\"https:\/\/tickets.paysera.com\/lt-LT\/event\/klajoklio-maratonas-18?fbclid=IwAR3WL6E2fJ55_QkQpV38dbkd6ym4ZosfkVd0A6_QOBO_2-Vt-o4uqBaeSZM\" target=\"_blank\" rel=\"nofollow noopener\">https:\/\/tickets.paysera.com\/&#8230;\/event\/klajoklio-maratonas-18<\/a><\/span><\/div>\n<div class=\"o9v6fnle cxmmr5t8 oygrvhab hcukyx3x c1et5uql\"><span style=\"color: #000000;\">Numeriai bus i\u0161duodami starto vietoje 2021-09-26 nuo 09.00val<\/span><\/div>\n<div><\/div>\n<div class=\"o9v6fnle cxmmr5t8 oygrvhab hcukyx3x c1et5uql\"><span style=\"font-size: 14pt; color: #000000;\"><br \/>\nXII. BAIGIAMOSIOS NUOSTATOS<\/span><br \/>\n<span style=\"color: #000000;\">B\u0117gimo var\u017eybas organizuoja V\u0161\u012e \u201eMaratomanija\u201c.<\/span><br \/>\n<span style=\"color: #000000;\">B\u0117gimo organizatoriai pasilieka teis\u0119, reikalui esant, keisti var\u017eyb\u0173 taisykles.<\/span><br \/>\n<span style=\"color: #000000;\">Kilus klausimams galite skambinti tel.: +370 615 32233 (Valdas). Taip pat galite ra\u0161yti elektroniniu pa\u0161tu maratonas.klajoklis@gmail.com<\/span><\/div>\n","protected":false},"excerpt":{"rendered":"<p>KLAJOKLIO MARATONAS #18: \u0160ventoji Renginio generalinis r\u0117m\u0117jas &#8211; ARIMEX NUOSTATAI I. BENDROJI DALIS Maratonas KLAJOKLIS \u2013 tai maratonas klajojantis per visas gra\u017eiausias Lietuvos vietas. KLAJOKLIO maratonas #18 \u012fvyks vienoje gra\u017eiausi\u0173 Lietuvos viet\u0173, viename nuostabiame paj\u016brio miestelyje &#8211; \u0160ventojoje Klajoklio maratono #18 startas 2021-09-26 11:00val. II. TIKSLAI IR U\u017dDAVINIAI 1. Populiarinti maraton\u0173 b\u0117gimo kult\u016br\u0105 Lietuvoje. 2. [&hellip;]<\/p>\n","protected":false},"author":2,"featured_media":0,"parent":16,"menu_order":0,"comment_status":"closed","ping_status":"closed","template":"","meta":{"footnotes":""},"class_list":["post-1069","page","type-page","status-publish","hentry"],"_links":{"self":[{"href":"https:\/\/www.myrace.lt\/klajoklis\/wp-json\/wp\/v2\/pages\/1069","targetHints":{"allow":["GET"]}}],"collection":[{"href":"https:\/\/www.myrace.lt\/klajoklis\/wp-json\/wp\/v2\/pages"}],"about":[{"href":"https:\/\/www.myrace.lt\/klajoklis\/wp-json\/wp\/v2\/types\/page"}],"author":[{"embeddable":true,"href":"https:\/\/www.myrace.lt\/klajoklis\/wp-json\/wp\/v2\/users\/2"}],"replies":[{"embeddable":true,"href":"https:\/\/www.myrace.lt\/klajoklis\/wp-json\/wp\/v2\/comments?post=1069"}],"version-history":[{"count":10,"href":"https:\/\/www.myrace.lt\/klajoklis\/wp-json\/wp\/v2\/pages\/1069\/revisions"}],"predecessor-version":[{"id":1185,"href":"https:\/\/www.myrace.lt\/klajoklis\/wp-json\/wp\/v2\/pages\/1069\/revisions\/1185"}],"up":[{"embeddable":true,"href":"https:\/\/www.myrace.lt\/klajoklis\/wp-json\/wp\/v2\/pages\/16"}],"wp:attachment":[{"href":"https:\/\/www.myrace.lt\/klajoklis\/wp-json\/wp\/v2\/media?parent=1069"}],"curies":[{"name":"wp","href":"https:\/\/api.w.org\/{rel}","templated":true}]}}