{"id":439,"date":"2026-04-05T00:05:02","date_gmt":"2026-04-04T21:05:02","guid":{"rendered":"https:\/\/www.myrace.lt\/gimtadieniomaratonas\/?page_id=439"},"modified":"2026-04-05T00:05:02","modified_gmt":"2026-04-04T21:05:02","slug":"dalyviai-2026","status":"publish","type":"page","link":"https:\/\/www.myrace.lt\/gimtadieniomaratonas\/dalyviai-2026\/","title":{"rendered":"Dalyviai-2026"},"content":{"rendered":"<p><b><span lang=\"LT\">\t<link rel=\"stylesheet\" type=\"text\/css\" href=\"https:\/\/www.myrace.lt\/registravimas\/tools\/color_myrace.css\" \/>\n\t<link rel=\"stylesheet\" type=\"text\/css\" href=\"https:\/\/www.myrace.lt\/registravimas\/tools\/style03.css\" \/>\n<link rel=\"stylesheet\" type=\"text\/css\" href=\"https:\/\/www.myrace.lt\/registravimas\/tools\/uzsiregistravo.css\" \/><div style=\"overflow-x:auto;\"><table class=\"lentele\" width=\"100%\" cellspacing=\"0\" cellpadding=\"0\"><tr><th width=\"40px\"><a href=\"?sort=id\">Eil.<br\/>Nr.<img decoding=\"async\" src=\"https:\/\/www.myrace.lt\/\/registravimas\/images\/sort_asc.png\"><\/a><\/th><th width=\"80px\"><a href=\"?sort=vardas\">Vardas<\/a><\/th><th width=\"130px\"><a href=\"?sort=pavarde\">Pavard\u0117<\/a><\/th><th width=\"70px\"><a href=\"?sort=lytis\">Lytis<\/a><form name=\"f_lytis\"><select class=\"filtruoti\" id=\"filtrai\" onchange=\"lytis()\"><option value=\"1\">VYR<\/option><option value=\"2\">MOT<\/option><option value=\"-1\" selected=\"selected\">[visi]<\/option><\/select><\/form>\n\t\t<script type=\"text\/javascript\">function lytis() {filtras=document.f_lytis.filtrai.value;document.location.href = \"index.php?lytis=\" + filtras;}\n\t\t<\/script><\/th><th width=\"80px\"><a href=\"?sort=gimimodata\">Gimimo<br\/>metai<\/a><\/th><th width=\"60px\"><a href=\"?sort=salis\">\u0160alis<\/a><form name=\"f_salis\"><select class=\"filtruoti\" id=\"filtrai\" onchange=\"salis()\"><option value=\"0\">LTU<\/option><option value=\"-1\" selected=\"selected\">[visi]<\/option><\/select><\/form>\n\t\t<script type=\"text\/javascript\">function salis() {filtras=document.f_salis.filtrai.value;document.location.href = \"index.php?salis=\" + filtras;}\n\t\t<\/script><\/th><th width=\"120px\"><a href=\"?sort=miestas\">Miestas<\/a><form name=\"f_miestas\"><select class=\"filtruoti\" id=\"filtrai\" onchange=\"miestas()\"><option value=\"0\">Kaunas<\/option><option value=\"1\">\u0160iauliai<\/option><option value=\"2\">Vilnius<\/option><option value=\"-1\" selected=\"selected\">[visi]<\/option><\/select><\/form>\n\t\t<script type=\"text\/javascript\">function miestas() {filtras=document.f_miestas.filtrai.value;document.location.href = \"index.php?miestas=\" + filtras;}\n\t\t<\/script><\/th><th width=\"200px\"><a href=\"?sort=klubas\">Organizacija \/ Klubas<\/a><form name=\"f_klubas\"><select class=\"filtruoti\" id=\"filtrai\" onchange=\"klubas()\"><option value=\"0\"><\/option><option value=\"1\">ChallengeMe_<\/option><option value=\"2\">Jonavos Maratonas <\/option><option value=\"3\">Maratomanija<\/option><option value=\"4\">Maratonas<\/option><option value=\"5\">Savaranki\u0161kai<\/option><option value=\"-1\" selected=\"selected\">[visi]<\/option><\/select><\/form>\n\t\t<script type=\"text\/javascript\">function klubas() {filtras=document.f_klubas.filtrai.value;document.location.href = \"index.php?klubas=\" + filtras;}\n\t\t<\/script><\/th><th width=\"130px\"><a href=\"?sort=nuotolis\">Nuotolis<\/a><form name=\"f_nuotolis\"><select class=\"filtruoti\" id=\"filtrai\" onchange=\"nuotolis()\"><option value=\"1\">Maratonas<\/option><option value=\"2\"> 29.5 km<\/option><option value=\"3\"> 25.3 km<\/option><option value=\"4\"> 21.1 km<\/option><option value=\"5\"> 16.9 km<\/option><option value=\"6\"> 12.7 km<\/option><option value=\"7\"> 8.4 km<\/option><option value=\"8\"> 4.2 km<\/option><option value=\"-1\" selected=\"selected\">[visi]<\/option><\/select><\/form>\n\t\t<script type=\"text\/javascript\">function nuotolis() {filtras=document.f_nuotolis.filtrai.value;document.location.href = \"index.php?nuotolis=\" + filtras;}\n\t\t<\/script><\/th><\/tr><p class=\"pranesti\">U\u017dSIREGISTRAV\u0118 DALYVIAI (viso - 13, rodoma - 13)<\/p><p>D\u0117l netikslum\u0173 ir korekcij\u0173 ra\u0161ykite el.pa\u0161tu <a href=\"mailto:registracija@myrace.lt?subject=Registracija: Gimtadienio maratonas 2026\">registracija@myrace.lt<\/a><\/p><tr class=\"meniuoff\" onmouseover=\"className=&quot;meniuon&quot;\" onmouseout=\"className=&quot;meniuoff&quot;\"><td>1.<\/td><td style=\"text-align: right; padding-right: 10px;\">Valdas<\/td><td style=\"text-align: left; padding-left: 10px;\">\u0160mai\u017eys<\/td><td>VYR<\/td><td>1974<\/td><td>LTU<\/td><td>Vilnius<\/td><td style=\"text-align: left; padding-left: 10px;\">Maratomanija<\/td><td>Maratonas<\/td><\/tr><tr class=\"meniuoff\" onmouseover=\"className=&quot;meniuon&quot;\" onmouseout=\"className=&quot;meniuoff&quot;\"><td>2.<\/td><td style=\"text-align: right; padding-right: 10px;\">Vilius<\/td><td style=\"text-align: left; padding-left: 10px;\">Bastys<\/td><td>VYR<\/td><td>1983<\/td><td>LTU<\/td><td>Vilnius<\/td><td style=\"text-align: left; padding-left: 10px;\">ChallengeMe_<\/td><td> 21.1 km<\/td><\/tr><tr class=\"meniuoff\" onmouseover=\"className=&quot;meniuon&quot;\" onmouseout=\"className=&quot;meniuoff&quot;\"><td>3.<\/td><td style=\"text-align: right; padding-right: 10px;\">Marius <\/td><td style=\"text-align: left; padding-left: 10px;\">Zakarauskas <\/td><td>VYR<\/td><td>1986<\/td><td>LTU<\/td><td>Kaunas<\/td><td style=\"text-align: left; padding-left: 10px;\">Jonavos Maratonas <\/td><td>Maratonas<\/td><\/tr><tr class=\"meniuoff\" onmouseover=\"className=&quot;meniuon&quot;\" onmouseout=\"className=&quot;meniuoff&quot;\"><td>4.<\/td><td style=\"text-align: right; padding-right: 10px;\">Justina<\/td><td style=\"text-align: left; padding-left: 10px;\">Szczepanczyk<\/td><td>MOT<\/td><td>1990<\/td><td>LTU<\/td><td>Vilnius<\/td><td style=\"text-align: left; padding-left: 10px;\">&nbsp;<\/td><td> 12.7 km<\/td><\/tr><tr class=\"meniuoff\" onmouseover=\"className=&quot;meniuon&quot;\" onmouseout=\"className=&quot;meniuoff&quot;\"><td>5.<\/td><td style=\"text-align: right; padding-right: 10px;\">Aleksandr<\/td><td style=\"text-align: left; padding-left: 10px;\">Somkin<\/td><td>VYR<\/td><td>1989<\/td><td>LTU<\/td><td>Vilnius<\/td><td style=\"text-align: left; padding-left: 10px;\">Maratomanija<\/td><td> 16.9 km<\/td><\/tr><tr class=\"meniuoff\" onmouseover=\"className=&quot;meniuon&quot;\" onmouseout=\"className=&quot;meniuoff&quot;\"><td>6.<\/td><td style=\"text-align: right; padding-right: 10px;\">Aurelijus<\/td><td style=\"text-align: left; padding-left: 10px;\">Gutauskas<\/td><td>VYR<\/td><td>1972<\/td><td>LTU<\/td><td>Vilnius<\/td><td style=\"text-align: left; padding-left: 10px;\">Savaranki\u0161kai<\/td><td> 8.4 km<\/td><\/tr><tr class=\"meniuoff\" onmouseover=\"className=&quot;meniuon&quot;\" onmouseout=\"className=&quot;meniuoff&quot;\"><td>7.<\/td><td style=\"text-align: right; padding-right: 10px;\">Tomas<\/td><td style=\"text-align: left; padding-left: 10px;\">Bandza<\/td><td>VYR<\/td><td>1985<\/td><td>LTU<\/td><td>Vilnius<\/td><td style=\"text-align: left; padding-left: 10px;\">&nbsp;<\/td><td>Maratonas<\/td><\/tr><tr class=\"meniuoff\" onmouseover=\"className=&quot;meniuon&quot;\" onmouseout=\"className=&quot;meniuoff&quot;\"><td>8.<\/td><td style=\"text-align: right; padding-right: 10px;\">Vitalijus<\/td><td style=\"text-align: left; padding-left: 10px;\">Lasto\u010dkinas<\/td><td>VYR<\/td><td>1989<\/td><td>LTU<\/td><td>Vilnius<\/td><td style=\"text-align: left; padding-left: 10px;\">&nbsp;<\/td><td>Maratonas<\/td><\/tr><tr class=\"meniuoff\" onmouseover=\"className=&quot;meniuon&quot;\" onmouseout=\"className=&quot;meniuoff&quot;\"><td>9.<\/td><td style=\"text-align: right; padding-right: 10px;\">Tomas<\/td><td style=\"text-align: left; padding-left: 10px;\">Urnie\u017eius<\/td><td>VYR<\/td><td>1983<\/td><td>LTU<\/td><td>\u0160iauliai<\/td><td style=\"text-align: left; padding-left: 10px;\">&nbsp;<\/td><td> 21.1 km<\/td><\/tr><tr class=\"meniuoff\" onmouseover=\"className=&quot;meniuon&quot;\" onmouseout=\"className=&quot;meniuoff&quot;\"><td>10.<\/td><td style=\"text-align: right; padding-right: 10px;\">Rusn\u0117<\/td><td style=\"text-align: left; padding-left: 10px;\">Valeikien\u0117<\/td><td>MOT<\/td><td>1965<\/td><td>LTU<\/td><td>Vilnius<\/td><td style=\"text-align: left; padding-left: 10px;\">&nbsp;<\/td><td>Maratonas<\/td><\/tr><tr class=\"meniuoff\" onmouseover=\"className=&quot;meniuon&quot;\" onmouseout=\"className=&quot;meniuoff&quot;\"><td>11.<\/td><td style=\"text-align: right; padding-right: 10px;\">Marius<\/td><td style=\"text-align: left; padding-left: 10px;\">Zaburas<\/td><td>VYR<\/td><td>1992<\/td><td>LTU<\/td><td>Vilnius<\/td><td style=\"text-align: left; padding-left: 10px;\">&nbsp;<\/td><td> 16.9 km<\/td><\/tr><tr class=\"meniuoff\" onmouseover=\"className=&quot;meniuon&quot;\" onmouseout=\"className=&quot;meniuoff&quot;\"><td>12.<\/td><td style=\"text-align: right; padding-right: 10px;\">Romas<\/td><td style=\"text-align: left; padding-left: 10px;\">Olchovik<\/td><td>VYR<\/td><td>1991<\/td><td>LTU<\/td><td>Vilnius<\/td><td style=\"text-align: left; padding-left: 10px;\">Maratomanija<\/td><td>Maratonas<\/td><\/tr><tr class=\"meniuoff\" onmouseover=\"className=&quot;meniuon&quot;\" onmouseout=\"className=&quot;meniuoff&quot;\"><td>13.<\/td><td style=\"text-align: right; padding-right: 10px;\">\u017dilvinas<\/td><td style=\"text-align: left; padding-left: 10px;\">Meldaikis<\/td><td>VYR<\/td><td>1978<\/td><td>LTU<\/td><td>Kaunas<\/td><td style=\"text-align: left; padding-left: 10px;\">Maratonas<\/td><td>Maratonas<\/td><\/tr><\/table><\/div><\/span><\/b><\/p>\n","protected":false},"excerpt":{"rendered":"","protected":false},"author":2,"featured_media":0,"parent":0,"menu_order":0,"comment_status":"closed","ping_status":"closed","template":"","meta":{"footnotes":""},"class_list":["post-439","page","type-page","status-publish","hentry"],"_links":{"self":[{"href":"https:\/\/www.myrace.lt\/gimtadieniomaratonas\/wp-json\/wp\/v2\/pages\/439","targetHints":{"allow":["GET"]}}],"collection":[{"href":"https:\/\/www.myrace.lt\/gimtadieniomaratonas\/wp-json\/wp\/v2\/pages"}],"about":[{"href":"https:\/\/www.myrace.lt\/gimtadieniomaratonas\/wp-json\/wp\/v2\/types\/page"}],"author":[{"embeddable":true,"href":"https:\/\/www.myrace.lt\/gimtadieniomaratonas\/wp-json\/wp\/v2\/users\/2"}],"replies":[{"embeddable":true,"href":"https:\/\/www.myrace.lt\/gimtadieniomaratonas\/wp-json\/wp\/v2\/comments?post=439"}],"version-history":[{"count":1,"href":"https:\/\/www.myrace.lt\/gimtadieniomaratonas\/wp-json\/wp\/v2\/pages\/439\/revisions"}],"predecessor-version":[{"id":440,"href":"https:\/\/www.myrace.lt\/gimtadieniomaratonas\/wp-json\/wp\/v2\/pages\/439\/revisions\/440"}],"wp:attachment":[{"href":"https:\/\/www.myrace.lt\/gimtadieniomaratonas\/wp-json\/wp\/v2\/media?parent=439"}],"curies":[{"name":"wp","href":"https:\/\/api.w.org\/{rel}","templated":true}]}}