{"id":371,"date":"2025-03-24T14:58:37","date_gmt":"2025-03-24T12:58:37","guid":{"rendered":"https:\/\/www.myrace.lt\/gimtadieniomaratonas\/?page_id=371"},"modified":"2026-04-05T00:09:38","modified_gmt":"2026-04-04T21:09:38","slug":"trasa-2026","status":"publish","type":"page","link":"https:\/\/www.myrace.lt\/gimtadieniomaratonas\/trasa-2026\/","title":{"rendered":"Trasa 2026"},"content":{"rendered":"<p style=\"text-align: center;\"><span style=\"font-size: 32px;\"><strong>TRASA &#8211; 2026<\/strong><\/span><\/p>\n<p style=\"text-align: center;\"><span style=\"font-size: 20px; color: #000000;\">Ratas &#8211; 4.22 km.<\/span><\/p>\n<p style=\"text-align: center;\"><span style=\"color: #000000; font-size: 20px;\">B\u0117gama kiek norima rat\u0173.<\/span><\/p>\n<p style=\"text-align: center;\"><span style=\"color: #000000; font-size: 20px;\">Maratonui \u012fveikti reik\u0117s prab\u0117gti 10 rat\u0173<\/span><\/p>\n<p>&nbsp;<\/p>\n<p><strong style=\"font-size: 32px; text-align: center;\"><img loading=\"lazy\" decoding=\"async\" class=\"aligncenter wp-image-444 size-full\" src=\"https:\/\/www.myrace.lt\/gimtadieniomaratonas\/wp-content\/uploads\/sites\/18\/2026\/04\/4.23km-Vingio-parkas.png\" alt=\"\" width=\"580\" height=\"662\" srcset=\"https:\/\/www.myrace.lt\/gimtadieniomaratonas\/wp-content\/uploads\/sites\/18\/2026\/04\/4.23km-Vingio-parkas.png 580w, https:\/\/www.myrace.lt\/gimtadieniomaratonas\/wp-content\/uploads\/sites\/18\/2026\/04\/4.23km-Vingio-parkas-263x300.png 263w\" sizes=\"auto, (max-width: 580px) 100vw, 580px\" \/><\/strong><\/p>\n","protected":false},"excerpt":{"rendered":"<p>TRASA &#8211; 2026 Ratas &#8211; 4.22 km. B\u0117gama kiek norima rat\u0173. Maratonui \u012fveikti reik\u0117s prab\u0117gti 10 rat\u0173 &nbsp;<\/p>\n","protected":false},"author":2,"featured_media":0,"parent":0,"menu_order":0,"comment_status":"closed","ping_status":"closed","template":"","meta":{"footnotes":""},"class_list":["post-371","page","type-page","status-publish","hentry"],"_links":{"self":[{"href":"https:\/\/www.myrace.lt\/gimtadieniomaratonas\/wp-json\/wp\/v2\/pages\/371","targetHints":{"allow":["GET"]}}],"collection":[{"href":"https:\/\/www.myrace.lt\/gimtadieniomaratonas\/wp-json\/wp\/v2\/pages"}],"about":[{"href":"https:\/\/www.myrace.lt\/gimtadieniomaratonas\/wp-json\/wp\/v2\/types\/page"}],"author":[{"embeddable":true,"href":"https:\/\/www.myrace.lt\/gimtadieniomaratonas\/wp-json\/wp\/v2\/users\/2"}],"replies":[{"embeddable":true,"href":"https:\/\/www.myrace.lt\/gimtadieniomaratonas\/wp-json\/wp\/v2\/comments?post=371"}],"version-history":[{"count":5,"href":"https:\/\/www.myrace.lt\/gimtadieniomaratonas\/wp-json\/wp\/v2\/pages\/371\/revisions"}],"predecessor-version":[{"id":445,"href":"https:\/\/www.myrace.lt\/gimtadieniomaratonas\/wp-json\/wp\/v2\/pages\/371\/revisions\/445"}],"wp:attachment":[{"href":"https:\/\/www.myrace.lt\/gimtadieniomaratonas\/wp-json\/wp\/v2\/media?parent=371"}],"curies":[{"name":"wp","href":"https:\/\/api.w.org\/{rel}","templated":true}]}}