{"id":357,"date":"2025-03-24T14:26:04","date_gmt":"2025-03-24T12:26:04","guid":{"rendered":"https:\/\/www.myrace.lt\/gimtadieniomaratonas\/?page_id=357"},"modified":"2026-04-10T14:56:51","modified_gmt":"2026-04-10T11:56:51","slug":"nuostatai-2026","status":"publish","type":"page","link":"https:\/\/www.myrace.lt\/gimtadieniomaratonas\/nuostatai-2026\/","title":{"rendered":"Nuostatai 2026"},"content":{"rendered":"<div class=\"kvgmc6g5 cxmmr5t8 oygrvhab hcukyx3x c1et5uql\" style=\"text-align: center;\"><span style=\"color: #000000; font-size: 20px;\">Sveiki,<\/span><br \/>\n<span style=\"color: #000000; font-size: 20px;\">Art\u0117ja gimtadienis, o koks gi gimtadienis be b\u0117gimo ir jo didenyb\u0117s MARATONO ?!! <\/span><\/div>\n<div class=\"kvgmc6g5 cxmmr5t8 oygrvhab hcukyx3x c1et5uql\" style=\"text-align: center;\"><span style=\"color: #000000; font-size: 20px;\">Tad ir v\u0117l, eilinis Valdo gimtadienis bus \u0161ven\u010diamas b\u0117gimo trasoje!<\/span><\/div>\n<div class=\"kvgmc6g5 cxmmr5t8 oygrvhab hcukyx3x c1et5uql\" style=\"text-align: center;\"><span style=\"color: #000000; font-size: 20px;\">O koks gi b\u0117gimas be nuostat\u0173?<\/span><\/div>\n<div><\/div>\n<div><\/div>\n<div><\/div>\n<div class=\"o9v6fnle cxmmr5t8 oygrvhab hcukyx3x c1et5uql\" style=\"text-align: center;\"><span style=\"color: #000000;\"><strong><span style=\"font-size: 28px;\">NUOSTATAI<\/span><\/strong><\/span><\/div>\n<div><\/div>\n<p>&nbsp;<\/p>\n<div class=\"o9v6fnle cxmmr5t8 oygrvhab hcukyx3x c1et5uql\"><span style=\"color: #000000;\"><em><strong>GIMTADIENIO MARATONAS<\/strong><\/em> \u2013 tai maratonas, kuriame aistra b\u0117gti, noras jud\u0117ti, meil\u0117 maratonui nugali visk\u0105, net did\u017eiausios kli\u016btys jam nebaisios.<\/span><\/div>\n<div><\/div>\n<p>&nbsp;<\/p>\n<div class=\"o9v6fnle cxmmr5t8 oygrvhab hcukyx3x c1et5uql\"><span style=\"color: #000000;\"><em><strong>B\u0116GIMO VIETA, LAIKAS IR NUOTOLIAI<\/strong><\/em><\/span><br \/>\n<span style=\"color: #000000;\">B\u0117gimo \u0161vent\u0117 \u012fvyks 2026-04-15<\/span><br \/>\n<span style=\"color: #000000;\">Starto laikas:<\/span><\/div>\n<div class=\"o9v6fnle cxmmr5t8 oygrvhab hcukyx3x c1et5uql\"><span style=\"color: #000000;\">I startas (maratonas) \u2013 15.00<\/span><br class=\"html-br\" \/><span style=\"color: #000000;\">II startas (trumpesn\u0117s distancijos) \u2013 18.00<\/span><\/div>\n<div class=\"o9v6fnle cxmmr5t8 oygrvhab hcukyx3x c1et5uql\"><span style=\"color: #000000;\">Starto vieta &#8211; Vilnius, Vingio parko estrada<\/span><\/div>\n<div class=\"o9v6fnle cxmmr5t8 oygrvhab hcukyx3x c1et5uql\"><span style=\"color: #000000;\">Numatomos distancijos \u2013 nuo 4.2 km iki maratono.<\/span><\/div>\n<div><span style=\"color: #000000;\">B\u0117gsime ratais po 4.22 km,<\/span><\/div>\n<p>&nbsp;<\/p>\n<div class=\"o9v6fnle cxmmr5t8 oygrvhab hcukyx3x c1et5uql\"><span style=\"color: #000000;\"><em><strong>DALYVI\u0172 STARTINIS MOKESTIS<\/strong><\/em><\/span><br \/>\n<span style=\"color: #000000;\">Startinis mokestis &#8211; \u0161ypsena ir gera nuotaika \ud83d\ude09 !<\/span><\/div>\n<div class=\"o9v6fnle cxmmr5t8 oygrvhab hcukyx3x c1et5uql\"><span style=\"color: #000000;\"><em><strong>APDOVANOJIMAI<\/strong><\/em><\/span><br \/>\n<span style=\"color: #000000;\">Kiekvienam gimtadienininkui bus \u012fteiktas atminimo medalis. <\/span><\/div>\n<div class=\"o9v6fnle cxmmr5t8 oygrvhab hcukyx3x c1et5uql\"><span style=\"color: #000000;\">Kiekvienas dalyvis po renginio gal\u0117s parsisi\u0173sti diplom\u0105 su savo b\u0117gimo rezultatu.<\/span><\/div>\n<div><\/div>\n<div><strong><span style=\"color: #000000;\">21.00 val &#8211; torto dalybos ir tauri\u0173 k\u0117limas!<\/span><\/strong><\/div>\n<div><\/div>\n<div class=\"o9v6fnle cxmmr5t8 oygrvhab hcukyx3x c1et5uql\"><span style=\"color: #000000;\"><em><strong>DALYVI\u0172 REGISTRAVIMAS IR NUMERI\u0172 I\u0160DAVIMAS<\/strong><\/em><\/span><br \/>\n<span style=\"color: #000000;\">Norintys \u0161v\u0119sti ir b\u0117gti b\u0117gikams registruojasi svetain\u0117je:<\/span><br \/>\n<span style=\"color: #000000;\"><a class=\"oajrlxb2 g5ia77u1 qu0x051f esr5mh6w e9989ue4 r7d6kgcz rq0escxv nhd2j8a9 nc684nl6 p7hjln8o kvgmc6g5 cxmmr5t8 oygrvhab hcukyx3x jb3vyjys rz4wbd8a qt6c0cv9 a8nywdso i1ao9s8h esuyzwwr f1sip0of lzcic4wl py34i1dx gpro0wi8\" style=\"color: #000000;\" tabindex=\"0\" role=\"link\" href=\"https:\/\/l.facebook.com\/l.php?u=https%3A%2F%2Fwww.maratonai.lt%2Fregistracija%2F%3Ffbclid%3DIwAR0D2nIIGbqfvHO_pnmpDSmoio-EZWDI51zs_rtA5s8p31Xa4PbGTYN45bo&amp;h=AT0VQQCIdHL5SSi2HZTJm_9gOCcyx7i-SF0N30a62kwcQxwKpMlMX842t3Hpo8lG--tAeZBv7y3-n-U4KoRkNg6Chd7Bnn67e_-r4XvwsvNez2-WaeTCP6gYeNdw-XsB6yVV&amp;__tn__=q&amp;c[0]=AT3pLIdc5IzST0TbS6oTuxhfmPoT1AAR7v97Lbc0d04Oq4Vph7zabGUY7ktPkPIjWlKjJn1Wd6unt9_mrhBzQo8O626wZsR8ikth2_FsL6E7ZKOJ3Iw0Ou5bL3j6kO-Hx9ttoBO-y74ckB0YslIeKHA1BRuBo6ltJwZIjLsQ1QoY1b0fyg\" target=\"_blank\" rel=\"nofollow noopener\">https:\/\/www.myrace.lt\/<\/a><\/span><br \/>\n<span style=\"color: #000000;\">Numeriai bus i\u0161duodami starto vietoje.<\/span><\/div>\n<div><\/div>\n<div><span style=\"color: #000000;\"><em><strong>LAIKO LIMITAS<\/strong><\/em><\/span><br class=\"html-br\" \/><span style=\"color: #000000;\">Maraton\u0105 reikia gerbti, tod\u0117l j\u012f turime ne tik prasivaik\u0161\u010dioti, bet nors ir \u0161iek tiek pagal savo galimybes prab\u0117gti. Tod\u0117l maratono distancijai skiriamas 6 h limitas.<\/span><br class=\"html-br\" \/><span style=\"color: #000000;\">Visoms kitoms distancijoms laiko limito neskiriama (gal\u0117site b\u0117gti, eiti, \u017eygiuoti iki kol paskutinis gimtadieninkas pakils nuo stalo\u00a0<span class=\"html-span xexx8yu x4uap5 x18d9i69 xkhd6sd x1hl2dhg x16tdsg8 x1vvkbs x3nfvp2 x1j61x8r x1fcty0u xdj266r xat24cr xgzva0m xhhsvwb xxymvpz xlup9mm x1kky2od\"><img loading=\"lazy\" decoding=\"async\" class=\"xz74otr x168nmei x13lgxp2 x5pf9jr xo71vjh\" src=\"https:\/\/static.xx.fbcdn.net\/images\/emoji.php\/v9\/t51\/1\/16\/1f603.png\" alt=\"\ud83d\ude03\" width=\"16\" height=\"16\" \/><\/span>\u00a0).<\/span><\/div>\n<p>&nbsp;<\/p>\n<div class=\"o9v6fnle cxmmr5t8 oygrvhab hcukyx3x c1et5uql\"><span style=\"color: #000000;\"><em><strong>EIGA, REZULTAT\u0172 FIKSAVIMAS<\/strong><\/em><\/span><br \/>\n<span style=\"color: #000000;\">Trasoje bus \u012frengta\u00a0 vandens ir maitinimo stotel\u0117s kurioje bus dalinami g\u0117rimai \u2013 vanduo, Cola, Izotonikas, gaivieji g\u0117rimai, vaisiai, sausainiai, u\u017ekand\u017eiai.<\/span><br \/>\n<span style=\"color: #000000;\">Vis\u0173 dalyvi\u0173 tras\u0173 \u012fveikimo rezultatai bus \u012ftraukti \u012f b\u0117gimo protokol\u0105 ir paskelbti internetiniame GIMTADIENIO MARATONO puslapyje.<\/span><\/div>\n<div class=\"o9v6fnle cxmmr5t8 oygrvhab hcukyx3x c1et5uql\"><\/div>\n<p>&nbsp;<\/p>\n<div class=\"o9v6fnle cxmmr5t8 oygrvhab hcukyx3x c1et5uql\"><span style=\"color: #000000;\">Organizatoriai:<\/span><br \/>\n<span style=\"color: #000000;\">Valdas &amp;\u00a0 co.<\/span><\/div>\n","protected":false},"excerpt":{"rendered":"<p>Sveiki, Art\u0117ja gimtadienis, o koks gi gimtadienis be b\u0117gimo ir jo didenyb\u0117s MARATONO ?!! Tad ir v\u0117l, eilinis Valdo gimtadienis bus \u0161ven\u010diamas b\u0117gimo trasoje! O koks gi b\u0117gimas be nuostat\u0173? NUOSTATAI &nbsp; GIMTADIENIO MARATONAS \u2013 tai maratonas, kuriame aistra b\u0117gti, noras jud\u0117ti, meil\u0117 maratonui nugali visk\u0105, net did\u017eiausios kli\u016btys jam nebaisios. &nbsp; B\u0116GIMO VIETA, LAIKAS [&hellip;]<\/p>\n","protected":false},"author":2,"featured_media":0,"parent":0,"menu_order":0,"comment_status":"closed","ping_status":"closed","template":"","meta":{"footnotes":""},"class_list":["post-357","page","type-page","status-publish","hentry"],"_links":{"self":[{"href":"https:\/\/www.myrace.lt\/gimtadieniomaratonas\/wp-json\/wp\/v2\/pages\/357","targetHints":{"allow":["GET"]}}],"collection":[{"href":"https:\/\/www.myrace.lt\/gimtadieniomaratonas\/wp-json\/wp\/v2\/pages"}],"about":[{"href":"https:\/\/www.myrace.lt\/gimtadieniomaratonas\/wp-json\/wp\/v2\/types\/page"}],"author":[{"embeddable":true,"href":"https:\/\/www.myrace.lt\/gimtadieniomaratonas\/wp-json\/wp\/v2\/users\/2"}],"replies":[{"embeddable":true,"href":"https:\/\/www.myrace.lt\/gimtadieniomaratonas\/wp-json\/wp\/v2\/comments?post=357"}],"version-history":[{"count":12,"href":"https:\/\/www.myrace.lt\/gimtadieniomaratonas\/wp-json\/wp\/v2\/pages\/357\/revisions"}],"predecessor-version":[{"id":448,"href":"https:\/\/www.myrace.lt\/gimtadieniomaratonas\/wp-json\/wp\/v2\/pages\/357\/revisions\/448"}],"wp:attachment":[{"href":"https:\/\/www.myrace.lt\/gimtadieniomaratonas\/wp-json\/wp\/v2\/media?parent=357"}],"curies":[{"name":"wp","href":"https:\/\/api.w.org\/{rel}","templated":true}]}}