{"id":330,"date":"2024-04-12T19:59:21","date_gmt":"2024-04-12T16:59:21","guid":{"rendered":"https:\/\/www.myrace.lt\/gimtadieniomaratonas\/?page_id=330"},"modified":"2025-03-24T14:59:18","modified_gmt":"2025-03-24T12:59:18","slug":"dalyviai-3","status":"publish","type":"page","link":"https:\/\/www.myrace.lt\/gimtadieniomaratonas\/dalyviai-3\/","title":{"rendered":"Dalyviai-2025"},"content":{"rendered":"\t<link rel=\"stylesheet\" type=\"text\/css\" href=\"https:\/\/www.myrace.lt\/registravimas\/tools\/color_myrace.css\" \/>\n\t<link rel=\"stylesheet\" type=\"text\/css\" href=\"https:\/\/www.myrace.lt\/registravimas\/tools\/style03.css\" \/>\n<link rel=\"stylesheet\" type=\"text\/css\" href=\"https:\/\/www.myrace.lt\/registravimas\/tools\/uzsiregistravo.css\" \/><div style=\"overflow-x:auto;\"><table class=\"lentele\" width=\"100%\" cellspacing=\"0\" cellpadding=\"0\"><tr><th width=\"40px\"><a href=\"?sort=id\">Eil.<br\/>Nr.<img decoding=\"async\" src=\"https:\/\/www.myrace.lt\/\/registravimas\/images\/sort_asc.png\"><\/a><\/th><th width=\"80px\"><a href=\"?sort=vardas\">Vardas<\/a><\/th><th width=\"130px\"><a href=\"?sort=pavarde\">Pavard\u0117<\/a><\/th><th width=\"70px\"><a href=\"?sort=lytis\">Lytis<\/a><form name=\"f_lytis\"><select class=\"filtruoti\" id=\"filtrai\" onchange=\"lytis()\"><option value=\"1\">VYR<\/option><option value=\"2\">MOT<\/option><option value=\"-1\" selected=\"selected\">[visi]<\/option><\/select><\/form>\n\t\t<script type=\"text\/javascript\">function lytis() {filtras=document.f_lytis.filtrai.value;document.location.href = \"index.php?lytis=\" + filtras;}\n\t\t<\/script><\/th><th width=\"80px\"><a href=\"?sort=gimimodata\">Gimimo<br\/>metai<\/a><\/th><th width=\"60px\"><a href=\"?sort=salis\">\u0160alis<\/a><form name=\"f_salis\"><select class=\"filtruoti\" id=\"filtrai\" onchange=\"salis()\"><option value=\"0\">LTU<\/option><option value=\"1\">SWE<\/option><option value=\"-1\" selected=\"selected\">[visi]<\/option><\/select><\/form>\n\t\t<script type=\"text\/javascript\">function salis() {filtras=document.f_salis.filtrai.value;document.location.href = \"index.php?salis=\" + filtras;}\n\t\t<\/script><\/th><th width=\"120px\"><a href=\"?sort=miestas\">Miestas<\/a><form name=\"f_miestas\"><select class=\"filtruoti\" id=\"filtrai\" onchange=\"miestas()\"><option value=\"0\"><\/option><option value=\"1\">Garg\u017edai<\/option><option value=\"2\">Jurbarkas<\/option><option value=\"3\">Kaunas <\/option><option value=\"4\">Roki\u0161kis <\/option><option value=\"5\">\u0160iauliai<\/option><option value=\"6\">Tanum<\/option><option value=\"7\">Vilnius<\/option><option value=\"8\">Visaginas<\/option><option value=\"-1\" selected=\"selected\">[visi]<\/option><\/select><\/form>\n\t\t<script type=\"text\/javascript\">function miestas() {filtras=document.f_miestas.filtrai.value;document.location.href = \"index.php?miestas=\" + filtras;}\n\t\t<\/script><\/th><th width=\"200px\"><a href=\"?sort=klubas\">Organizacija \/ Klubas<\/a><form name=\"f_klubas\"><select class=\"filtruoti\" id=\"filtrai\" onchange=\"klubas()\"><option value=\"0\"><\/option><option value=\"1\">B\u0117gimo klubas<\/option><option value=\"2\">FTMC bk<\/option><option value=\"3\">Jonavos \u201eMaratonas\u201c<\/option><option value=\"4\">Kauno BMK<\/option><option value=\"5\">Lietuvos \u0160auli\u0173 S\u0105junga<\/option><option value=\"6\">Maratomanija<\/option><option value=\"7\">Roki\u0161kio b\u0117gimo klubas<\/option><option value=\"8\">Savaranki\u0161kai<\/option><option value=\"9\">Take it Easy<\/option><option value=\"10\">Victoria<\/option><option value=\"-1\" selected=\"selected\">[visi]<\/option><\/select><\/form>\n\t\t<script type=\"text\/javascript\">function klubas() {filtras=document.f_klubas.filtrai.value;document.location.href = \"index.php?klubas=\" + filtras;}\n\t\t<\/script><\/th><th width=\"130px\"><a href=\"?sort=nuotolis\">Nuotolis<\/a><form name=\"f_nuotolis\"><select class=\"filtruoti\" id=\"filtrai\" onchange=\"nuotolis()\"><option value=\"1\">Maratonas<\/option><option value=\"2\"> 25.3 km<\/option><option value=\"3\"> Pusmaratonis<\/option><option value=\"4\"> 8.4 km<\/option><option value=\"5\"> 4.2 km<\/option><option value=\"-1\" selected=\"selected\">[visi]<\/option><\/select><\/form>\n\t\t<script type=\"text\/javascript\">function nuotolis() {filtras=document.f_nuotolis.filtrai.value;document.location.href = \"index.php?nuotolis=\" + filtras;}\n\t\t<\/script><\/th><\/tr><p class=\"pranesti\">U\u017dSIREGISTRAV\u0118 DALYVIAI (viso - 31, rodoma - 31)<\/p><p>D\u0117l netikslum\u0173 ir korekcij\u0173 ra\u0161ykite el.pa\u0161tu <a href=\"mailto:registracija@myrace.lt?subject=Registracija: Gimtadienio maratonas #4\">registracija@myrace.lt<\/a><\/p><tr class=\"meniuoff\" onmouseover=\"className=&quot;meniuon&quot;\" onmouseout=\"className=&quot;meniuoff&quot;\"><td>1.<\/td><td style=\"text-align: right; padding-right: 10px;\">Valdas<\/td><td style=\"text-align: left; padding-left: 10px;\">\u0160mai\u017eys<\/td><td>VYR<\/td><td>1974<\/td><td>LTU<\/td><td>Vilnius<\/td><td style=\"text-align: left; padding-left: 10px;\">Maratomanija<\/td><td>&nbsp;<\/td><\/tr><tr class=\"meniuoff\" onmouseover=\"className=&quot;meniuon&quot;\" onmouseout=\"className=&quot;meniuoff&quot;\"><td>2.<\/td><td style=\"text-align: right; padding-right: 10px;\">Tadas<\/td><td style=\"text-align: left; padding-left: 10px;\">Beniulis<\/td><td>VYR<\/td><td>1979<\/td><td>LTU<\/td><td>Vilnius<\/td><td style=\"text-align: left; padding-left: 10px;\">Maratomanija<\/td><td>&nbsp;<\/td><\/tr><tr class=\"meniuoff\" onmouseover=\"className=&quot;meniuon&quot;\" onmouseout=\"className=&quot;meniuoff&quot;\"><td>3.<\/td><td style=\"text-align: right; padding-right: 10px;\">Stasys<\/td><td style=\"text-align: left; padding-left: 10px;\">Ki\u0161ki\u016bnas<\/td><td>VYR<\/td><td>1989<\/td><td>LTU<\/td><td>Vilnius<\/td><td style=\"text-align: left; padding-left: 10px;\">&nbsp;<\/td><td>&nbsp;<\/td><\/tr><tr class=\"meniuoff\" onmouseover=\"className=&quot;meniuon&quot;\" onmouseout=\"className=&quot;meniuoff&quot;\"><td>4.<\/td><td style=\"text-align: right; padding-right: 10px;\">Marius <\/td><td style=\"text-align: left; padding-left: 10px;\">Zakarauskas <\/td><td>VYR<\/td><td>1986<\/td><td>LTU<\/td><td>Kaunas <\/td><td style=\"text-align: left; padding-left: 10px;\">Jonavos \u201eMaratonas\u201c<\/td><td>&nbsp;<\/td><\/tr><tr class=\"meniuoff\" onmouseover=\"className=&quot;meniuon&quot;\" onmouseout=\"className=&quot;meniuoff&quot;\"><td>5.<\/td><td style=\"text-align: right; padding-right: 10px;\">Tomas<\/td><td style=\"text-align: left; padding-left: 10px;\">Daubaras<\/td><td>VYR<\/td><td>1989<\/td><td>LTU<\/td><td>Vilnius<\/td><td style=\"text-align: left; padding-left: 10px;\">&nbsp;<\/td><td>&nbsp;<\/td><\/tr><tr class=\"meniuoff\" onmouseover=\"className=&quot;meniuon&quot;\" onmouseout=\"className=&quot;meniuoff&quot;\"><td>6.<\/td><td style=\"text-align: right; padding-right: 10px;\">Rusn\u0117<\/td><td style=\"text-align: left; padding-left: 10px;\">Valeikien\u0117<\/td><td>MOT<\/td><td>1965<\/td><td>LTU<\/td><td>Vilnius<\/td><td style=\"text-align: left; padding-left: 10px;\">&nbsp;<\/td><td>&nbsp;<\/td><\/tr><tr class=\"meniuoff\" onmouseover=\"className=&quot;meniuon&quot;\" onmouseout=\"className=&quot;meniuoff&quot;\"><td>7.<\/td><td style=\"text-align: right; padding-right: 10px;\">Giedr\u0117<\/td><td style=\"text-align: left; padding-left: 10px;\">\u017di\u010dk\u0117<\/td><td>MOT<\/td><td>1979<\/td><td>LTU<\/td><td>Vilnius<\/td><td style=\"text-align: left; padding-left: 10px;\">Maratomanija<\/td><td>&nbsp;<\/td><\/tr><tr class=\"meniuoff\" onmouseover=\"className=&quot;meniuon&quot;\" onmouseout=\"className=&quot;meniuoff&quot;\"><td>8.<\/td><td style=\"text-align: right; padding-right: 10px;\">Marija<\/td><td style=\"text-align: left; padding-left: 10px;\">Obuchovi\u010d<\/td><td>MOT<\/td><td>1982<\/td><td>LTU<\/td><td>Visaginas<\/td><td style=\"text-align: left; padding-left: 10px;\">B\u0117gimo klubas<\/td><td>&nbsp;<\/td><\/tr><tr class=\"meniuoff\" onmouseover=\"className=&quot;meniuon&quot;\" onmouseout=\"className=&quot;meniuoff&quot;\"><td>9.<\/td><td style=\"text-align: right; padding-right: 10px;\">Aurelijus<\/td><td style=\"text-align: left; padding-left: 10px;\">Gutauskas<\/td><td>VYR<\/td><td>1972<\/td><td>LTU<\/td><td>Vilnius<\/td><td style=\"text-align: left; padding-left: 10px;\">Savaranki\u0161kai<\/td><td>&nbsp;<\/td><\/tr><tr class=\"meniuoff\" onmouseover=\"className=&quot;meniuon&quot;\" onmouseout=\"className=&quot;meniuoff&quot;\"><td>10.<\/td><td style=\"text-align: right; padding-right: 10px;\">Andr\u0117jus<\/td><td style=\"text-align: left; padding-left: 10px;\">Klima\u0161evskij<\/td><td>VYR<\/td><td>1978<\/td><td>LTU<\/td><td>Kaunas<\/td><td style=\"text-align: left; padding-left: 10px;\">Kauno BMK<\/td><td>&nbsp;<\/td><\/tr><tr class=\"meniuoff\" onmouseover=\"className=&quot;meniuon&quot;\" onmouseout=\"className=&quot;meniuoff&quot;\"><td>11.<\/td><td style=\"text-align: right; padding-right: 10px;\">Rimantas<\/td><td style=\"text-align: left; padding-left: 10px;\">Sakeris<\/td><td>VYR<\/td><td>1963<\/td><td>LTU<\/td><td>Garg\u017edai<\/td><td style=\"text-align: left; padding-left: 10px;\">Victoria<\/td><td>&nbsp;<\/td><\/tr><tr class=\"meniuoff\" onmouseover=\"className=&quot;meniuon&quot;\" onmouseout=\"className=&quot;meniuoff&quot;\"><td>12.<\/td><td style=\"text-align: right; padding-right: 10px;\">Edmundas<\/td><td style=\"text-align: left; padding-left: 10px;\">Burba<\/td><td>VYR<\/td><td>1971<\/td><td>LTU<\/td><td>Vilnius<\/td><td style=\"text-align: left; padding-left: 10px;\">&nbsp;<\/td><td>&nbsp;<\/td><\/tr><tr class=\"meniuoff\" onmouseover=\"className=&quot;meniuon&quot;\" onmouseout=\"className=&quot;meniuoff&quot;\"><td>13.<\/td><td style=\"text-align: right; padding-right: 10px;\">Tomas<\/td><td style=\"text-align: left; padding-left: 10px;\">Urnie\u017eius<\/td><td>VYR<\/td><td>1983<\/td><td>LTU<\/td><td>\u0160iauliai<\/td><td style=\"text-align: left; padding-left: 10px;\">&nbsp;<\/td><td>&nbsp;<\/td><\/tr><tr class=\"meniuoff\" onmouseover=\"className=&quot;meniuon&quot;\" onmouseout=\"className=&quot;meniuoff&quot;\"><td>14.<\/td><td style=\"text-align: right; padding-right: 10px;\">Monika<\/td><td style=\"text-align: left; padding-left: 10px;\">Skruodiene<\/td><td>MOT<\/td><td>1987<\/td><td>LTU<\/td><td>Vilnius<\/td><td style=\"text-align: left; padding-left: 10px;\">FTMC bk<\/td><td>&nbsp;<\/td><\/tr><tr class=\"meniuoff\" onmouseover=\"className=&quot;meniuon&quot;\" onmouseout=\"className=&quot;meniuoff&quot;\"><td>15.<\/td><td style=\"text-align: right; padding-right: 10px;\">Aleksandr<\/td><td style=\"text-align: left; padding-left: 10px;\">Somkin<\/td><td>VYR<\/td><td>1989<\/td><td>LTU<\/td><td>Vilnius<\/td><td style=\"text-align: left; padding-left: 10px;\">Maratomanija<\/td><td>&nbsp;<\/td><\/tr><tr class=\"meniuoff\" onmouseover=\"className=&quot;meniuon&quot;\" onmouseout=\"className=&quot;meniuoff&quot;\"><td>16.<\/td><td style=\"text-align: right; padding-right: 10px;\">Vaida<\/td><td style=\"text-align: left; padding-left: 10px;\">Rud\u0117nait\u0117 <\/td><td>MOT<\/td><td>1986<\/td><td>LTU<\/td><td>&nbsp;<\/td><td style=\"text-align: left; padding-left: 10px;\">&nbsp;<\/td><td>&nbsp;<\/td><\/tr><tr class=\"meniuoff\" onmouseover=\"className=&quot;meniuon&quot;\" onmouseout=\"className=&quot;meniuoff&quot;\"><td>17.<\/td><td style=\"text-align: right; padding-right: 10px;\">Deividas <\/td><td style=\"text-align: left; padding-left: 10px;\">Podobajevas <\/td><td>VYR<\/td><td>1984<\/td><td>LTU<\/td><td>Vilnius <\/td><td style=\"text-align: left; padding-left: 10px;\">&nbsp;<\/td><td>&nbsp;<\/td><\/tr><tr class=\"meniuoff\" onmouseover=\"className=&quot;meniuon&quot;\" onmouseout=\"className=&quot;meniuoff&quot;\"><td>18.<\/td><td style=\"text-align: right; padding-right: 10px;\">Jurgita <\/td><td style=\"text-align: left; padding-left: 10px;\">Paulavi\u010di\u016bt\u0117 <\/td><td>MOT<\/td><td>1983<\/td><td>LTU<\/td><td>Vilnius <\/td><td style=\"text-align: left; padding-left: 10px;\">&nbsp;<\/td><td>&nbsp;<\/td><\/tr><tr class=\"meniuoff\" onmouseover=\"className=&quot;meniuon&quot;\" onmouseout=\"className=&quot;meniuoff&quot;\"><td>19.<\/td><td style=\"text-align: right; padding-right: 10px;\">Olga <\/td><td style=\"text-align: left; padding-left: 10px;\">Gri\u0161kalauskait\u0117 <\/td><td>MOT<\/td><td>1984<\/td><td>LTU<\/td><td>Vilnius <\/td><td style=\"text-align: left; padding-left: 10px;\">&nbsp;<\/td><td>&nbsp;<\/td><\/tr><tr class=\"meniuoff\" onmouseover=\"className=&quot;meniuon&quot;\" onmouseout=\"className=&quot;meniuoff&quot;\"><td>20.<\/td><td style=\"text-align: right; padding-right: 10px;\">Gerardas<\/td><td style=\"text-align: left; padding-left: 10px;\">Kvedaras<\/td><td>VYR<\/td><td>1988<\/td><td>LTU<\/td><td>Kaunas<\/td><td style=\"text-align: left; padding-left: 10px;\">Lietuvos \u0160auli\u0173 S\u0105junga<\/td><td>&nbsp;<\/td><\/tr><tr class=\"meniuoff\" onmouseover=\"className=&quot;meniuon&quot;\" onmouseout=\"className=&quot;meniuoff&quot;\"><td>21.<\/td><td style=\"text-align: right; padding-right: 10px;\">Kestutis <\/td><td style=\"text-align: left; padding-left: 10px;\">Simanavicius <\/td><td>VYR<\/td><td>1973<\/td><td>SWE<\/td><td>Tanum<\/td><td style=\"text-align: left; padding-left: 10px;\">&nbsp;<\/td><td>&nbsp;<\/td><\/tr><tr class=\"meniuoff\" onmouseover=\"className=&quot;meniuon&quot;\" onmouseout=\"className=&quot;meniuoff&quot;\"><td>22.<\/td><td style=\"text-align: right; padding-right: 10px;\">Rolandas<\/td><td style=\"text-align: left; padding-left: 10px;\">\u010ces\u016bnas<\/td><td>VYR<\/td><td>1958<\/td><td>LTU<\/td><td>Vilnius<\/td><td style=\"text-align: left; padding-left: 10px;\">&nbsp;<\/td><td>&nbsp;<\/td><\/tr><tr class=\"meniuoff\" onmouseover=\"className=&quot;meniuon&quot;\" onmouseout=\"className=&quot;meniuoff&quot;\"><td>23.<\/td><td style=\"text-align: right; padding-right: 10px;\">Aleksandras<\/td><td style=\"text-align: left; padding-left: 10px;\">Konarskis<\/td><td>VYR<\/td><td>1983<\/td><td>LTU<\/td><td>Vilnius<\/td><td style=\"text-align: left; padding-left: 10px;\">Take it Easy<\/td><td>&nbsp;<\/td><\/tr><tr class=\"meniuoff\" onmouseover=\"className=&quot;meniuon&quot;\" onmouseout=\"className=&quot;meniuoff&quot;\"><td>24.<\/td><td style=\"text-align: right; padding-right: 10px;\">Tomas<\/td><td style=\"text-align: left; padding-left: 10px;\">Rink\u016bnas<\/td><td>VYR<\/td><td>1978<\/td><td>LTU<\/td><td>Vilnius<\/td><td style=\"text-align: left; padding-left: 10px;\">Kauno BMK<\/td><td>&nbsp;<\/td><\/tr><tr class=\"meniuoff\" onmouseover=\"className=&quot;meniuon&quot;\" onmouseout=\"className=&quot;meniuoff&quot;\"><td>25.<\/td><td style=\"text-align: right; padding-right: 10px;\">Gitana<\/td><td style=\"text-align: left; padding-left: 10px;\">Januliene<\/td><td>MOT<\/td><td>1975<\/td><td>LTU<\/td><td>Jurbarkas<\/td><td style=\"text-align: left; padding-left: 10px;\">Maratomanija<\/td><td>&nbsp;<\/td><\/tr><tr class=\"meniuoff\" onmouseover=\"className=&quot;meniuon&quot;\" onmouseout=\"className=&quot;meniuoff&quot;\"><td>26.<\/td><td style=\"text-align: right; padding-right: 10px;\">Rugile<\/td><td style=\"text-align: left; padding-left: 10px;\">Janulyte<\/td><td>MOT<\/td><td>2014<\/td><td>LTU<\/td><td>Jurbarkas<\/td><td style=\"text-align: left; padding-left: 10px;\">Maratomanija<\/td><td>&nbsp;<\/td><\/tr><tr class=\"meniuoff\" onmouseover=\"className=&quot;meniuon&quot;\" onmouseout=\"className=&quot;meniuoff&quot;\"><td>27.<\/td><td style=\"text-align: right; padding-right: 10px;\">Svaj\u016bnas <\/td><td style=\"text-align: left; padding-left: 10px;\">Saknys<\/td><td>VYR<\/td><td>1987<\/td><td>LTU<\/td><td>Roki\u0161kis <\/td><td style=\"text-align: left; padding-left: 10px;\">Roki\u0161kio b\u0117gimo klubas<\/td><td>&nbsp;<\/td><\/tr><tr class=\"meniuoff\" onmouseover=\"className=&quot;meniuon&quot;\" onmouseout=\"className=&quot;meniuoff&quot;\"><td>28.<\/td><td style=\"text-align: right; padding-right: 10px;\">Aleksei<\/td><td style=\"text-align: left; padding-left: 10px;\">Popov<\/td><td>VYR<\/td><td>1968<\/td><td>LTU<\/td><td>Vilnius<\/td><td style=\"text-align: left; padding-left: 10px;\">&nbsp;<\/td><td>&nbsp;<\/td><\/tr><tr class=\"meniuoff\" onmouseover=\"className=&quot;meniuon&quot;\" onmouseout=\"className=&quot;meniuoff&quot;\"><td>29.<\/td><td style=\"text-align: right; padding-right: 10px;\">\u017dilvinas <\/td><td style=\"text-align: left; padding-left: 10px;\">Meldaikis <\/td><td>VYR<\/td><td>1978<\/td><td>LTU<\/td><td>Kaunas <\/td><td style=\"text-align: left; padding-left: 10px;\">Maratomanija<\/td><td>&nbsp;<\/td><\/tr><tr class=\"meniuoff\" onmouseover=\"className=&quot;meniuon&quot;\" onmouseout=\"className=&quot;meniuoff&quot;\"><td>30.<\/td><td style=\"text-align: right; padding-right: 10px;\">Donatas<\/td><td style=\"text-align: left; padding-left: 10px;\">\u0160ernius<\/td><td>VYR<\/td><td>1984<\/td><td>LTU<\/td><td>Vilnius<\/td><td style=\"text-align: left; padding-left: 10px;\">Maratomanija<\/td><td>&nbsp;<\/td><\/tr><tr class=\"meniuoff\" onmouseover=\"className=&quot;meniuon&quot;\" onmouseout=\"className=&quot;meniuoff&quot;\"><td>31.<\/td><td style=\"text-align: right; padding-right: 10px;\">Danguole<\/td><td style=\"text-align: left; padding-left: 10px;\">Bickuniene<\/td><td>MOT<\/td><td>1972<\/td><td>LTU<\/td><td>Vilnius<\/td><td style=\"text-align: left; padding-left: 10px;\">&nbsp;<\/td><td>&nbsp;<\/td><\/tr><\/table><\/div>\n<p>&nbsp;<\/p>\n","protected":false},"excerpt":{"rendered":"<p>&nbsp;<\/p>\n","protected":false},"author":1,"featured_media":0,"parent":0,"menu_order":0,"comment_status":"closed","ping_status":"closed","template":"templates\/full-width-page.php","meta":{"footnotes":""},"class_list":["post-330","page","type-page","status-publish","hentry"],"_links":{"self":[{"href":"https:\/\/www.myrace.lt\/gimtadieniomaratonas\/wp-json\/wp\/v2\/pages\/330","targetHints":{"allow":["GET"]}}],"collection":[{"href":"https:\/\/www.myrace.lt\/gimtadieniomaratonas\/wp-json\/wp\/v2\/pages"}],"about":[{"href":"https:\/\/www.myrace.lt\/gimtadieniomaratonas\/wp-json\/wp\/v2\/types\/page"}],"author":[{"embeddable":true,"href":"https:\/\/www.myrace.lt\/gimtadieniomaratonas\/wp-json\/wp\/v2\/users\/1"}],"replies":[{"embeddable":true,"href":"https:\/\/www.myrace.lt\/gimtadieniomaratonas\/wp-json\/wp\/v2\/comments?post=330"}],"version-history":[{"count":4,"href":"https:\/\/www.myrace.lt\/gimtadieniomaratonas\/wp-json\/wp\/v2\/pages\/330\/revisions"}],"predecessor-version":[{"id":375,"href":"https:\/\/www.myrace.lt\/gimtadieniomaratonas\/wp-json\/wp\/v2\/pages\/330\/revisions\/375"}],"wp:attachment":[{"href":"https:\/\/www.myrace.lt\/gimtadieniomaratonas\/wp-json\/wp\/v2\/media?parent=330"}],"curies":[{"name":"wp","href":"https:\/\/api.w.org\/{rel}","templated":true}]}}