{"id":291,"date":"2024-02-08T01:48:02","date_gmt":"2024-02-07T23:48:02","guid":{"rendered":"https:\/\/www.myrace.lt\/gimtadieniomaratonas\/?page_id=291"},"modified":"2025-04-16T23:55:59","modified_gmt":"2025-04-16T20:55:59","slug":"rezultatai-4","status":"publish","type":"page","link":"https:\/\/www.myrace.lt\/gimtadieniomaratonas\/rezultatai\/rezultatai-4\/","title":{"rendered":"Rezultatai #4 (2025-04-15)"},"content":{"rendered":"<style type=\"text\/css\">\ntd {\n\tborder: 1px solid #ddd;\n\tpadding: 2px;\n\tvertical-align: middle;\n  }\n}\n<\/style>\n\n\n\t<link rel=\"stylesheet\" type=\"text\/css\" href=\"\/registravimas\/tools\/color_myrace.css\" \/>\n\t<link rel=\"stylesheet\" type=\"text\/css\" href=\"\/registravimas\/tools\/rezultatai.css\" \/><div><form name=\"f_distancija\">Pasirinkite distancij\u0105: <select style=\"width: 320px\" id=\"filtrai\" onchange=\"distancija()\"><option value=\"0\" selected=\"selected\">Visos distancijos<\/option><option value=\"1\">Maratonas<\/option><option value=\"2\"> 25.3 km<\/option><option value=\"3\"> Pusmaratonis<\/option><option value=\"4\"> 8.4 km<\/option><option value=\"5\"> 4.2 km<\/option><\/select>\n\t<\/form>\n\t<script type=\"text\/javascript\">function distancija() {filtras=document.f_distancija.filtrai.value;document.location.href = \"?distancija=\" + filtras;}\n\t<\/script><\/div><div style=\"overflow-x:auto;\"><table class=\"rezai\" width=\"1024px\" border=\"1\" cellspacing=\"0\" cellpadding=\"2\"><tr class=\"rezai\"><th width=\"40px\"><a href=\"?pagal=id\">Eil.<br\/>Nr.<\/a><\/th><th width=\"70\">Diplomas<\/th><th width=\"40px\"><a href=\"?pagal=nr\">Nr.<\/a><\/th><th width=\"70px\"><a href=\"?pagal=vardas\">Vardas<\/a><\/th><th width=\"70px\"><a href=\"?pagal=pavarde\">Pavard\u0117<\/a><\/th><th width=\"40px\"><a href=\"?pagal=lytis\">Lytis<\/a><\/th><th width=\"50px\"><a href=\"?pagal=gimimo\">Gimimo<br\/>metai<\/a><\/th><th width=\"50px\"><a href=\"?pagal=salis\">\u0160alis<\/a><\/th><th width=\"100px\"><a href=\"?pagal=miestas\">Miestas<\/a><\/th><th width=\"150px\"><a href=\"?pagal=klubas\">Klubas<\/a><\/th><th width=\"100px\"><a href=\"?pagal=distancija\">Distancija<\/a><\/th><th width=\"60px\"><a href=\"?pagal=rezultatas\">Rezultatas<\/a><\/th><th width=\"50px\"><a href=\"?pagal=greitis\">1 km greitis<\/a><\/th><\/tr><tr class=\"meniuoff\" onmouseover=\"className=&quot;meniuon&quot;\" onmouseout=\"className=&quot;meniuoff&quot;\"><td width=\"40px\">1.<\/td><td><a href=\"https:\/\/www.myrace.lt\/diplomas\/diplomas.php?id=13627\" target=\"_blank\">\n\t\t\t\t\t\t\t<img decoding=\"async\" src=\"\/diplomas\/diplomai\/ico-gimt4.jpg\"><\/a><\/td><td width=\"40px\">77<\/td><td style=\"text-align: right; padding-right: 10px;\" width=\"70px\">Donatas<\/td><td style=\"text-align: left; padding-left: 10px;\" width=\"70px\">\u0160ernius<\/td><td width=\"40px\">V<\/td><td width=\"50px\">41<\/td><td width=\"50px\">LTU<\/td><td width=\"100px\">Vilnius<\/td><td width=\"150px\">Maratomanija<\/td><td width=\"100px\">42.2<\/td><td width=\"60px\">3:30:30<\/td><td width=\"50px\">0:04:59<\/td><\/tr><tr class=\"meniuoff\" onmouseover=\"className=&quot;meniuon&quot;\" onmouseout=\"className=&quot;meniuoff&quot;\"><td width=\"40px\">2.<\/td><td><a href=\"https:\/\/www.myrace.lt\/diplomas\/diplomas.php?id=13628\" target=\"_blank\">\n\t\t\t\t\t\t\t<img decoding=\"async\" src=\"\/diplomas\/diplomai\/ico-gimt4.jpg\"><\/a><\/td><td width=\"40px\">51<\/td><td style=\"text-align: right; padding-right: 10px;\" width=\"70px\">Valdas<\/td><td style=\"text-align: left; padding-left: 10px;\" width=\"70px\">\u0160mai\u017eys<\/td><td width=\"40px\">V<\/td><td width=\"50px\">51<\/td><td width=\"50px\">LTU<\/td><td width=\"100px\">Vilnius<\/td><td width=\"150px\">Maratomanija<\/td><td width=\"100px\">42.2<\/td><td width=\"60px\">3:39:19<\/td><td width=\"50px\">0:05:12<\/td><\/tr><tr class=\"meniuoff\" onmouseover=\"className=&quot;meniuon&quot;\" onmouseout=\"className=&quot;meniuoff&quot;\"><td width=\"40px\">3.<\/td><td><a href=\"https:\/\/www.myrace.lt\/diplomas\/diplomas.php?id=13629\" target=\"_blank\">\n\t\t\t\t\t\t\t<img decoding=\"async\" src=\"\/diplomas\/diplomai\/ico-gimt4.jpg\"><\/a><\/td><td width=\"40px\">65<\/td><td style=\"text-align: right; padding-right: 10px;\" width=\"70px\">\u017dilvinas<\/td><td style=\"text-align: left; padding-left: 10px;\" width=\"70px\">Meldaikis<\/td><td width=\"40px\">V<\/td><td width=\"50px\">47<\/td><td width=\"50px\">LTU<\/td><td width=\"100px\">Kaunas<\/td><td width=\"150px\">Maratomanija<\/td><td width=\"100px\">42.2<\/td><td width=\"60px\">3:46:10<\/td><td width=\"50px\">0:05:22<\/td><\/tr><tr class=\"meniuoff\" onmouseover=\"className=&quot;meniuon&quot;\" onmouseout=\"className=&quot;meniuoff&quot;\"><td width=\"40px\">4.<\/td><td><a href=\"https:\/\/www.myrace.lt\/diplomas\/diplomas.php?id=13630\" target=\"_blank\">\n\t\t\t\t\t\t\t<img decoding=\"async\" src=\"\/diplomas\/diplomai\/ico-gimt4.jpg\"><\/a><\/td><td width=\"40px\">52<\/td><td style=\"text-align: right; padding-right: 10px;\" width=\"70px\">Tadas<\/td><td style=\"text-align: left; padding-left: 10px;\" width=\"70px\">Beniulis<\/td><td width=\"40px\">V<\/td><td width=\"50px\">46<\/td><td width=\"50px\">LTU<\/td><td width=\"100px\">Vilnius<\/td><td width=\"150px\">Maratomanija<\/td><td width=\"100px\">42.2<\/td><td width=\"60px\">4:57:45<\/td><td width=\"50px\">0:07:03<\/td><\/tr><tr class=\"meniuoff\" onmouseover=\"className=&quot;meniuon&quot;\" onmouseout=\"className=&quot;meniuoff&quot;\"><td width=\"40px\">5.<\/td><td><a href=\"https:\/\/www.myrace.lt\/diplomas\/diplomas.php?id=13631\" target=\"_blank\">\n\t\t\t\t\t\t\t<img decoding=\"async\" src=\"\/diplomas\/diplomai\/ico-gimt4.jpg\"><\/a><\/td><td width=\"40px\">59<\/td><td style=\"text-align: right; padding-right: 10px;\" width=\"70px\">Gitana<\/td><td style=\"text-align: left; padding-left: 10px;\" width=\"70px\">Januliene<\/td><td width=\"40px\">M<\/td><td width=\"50px\">50<\/td><td width=\"50px\">LTU<\/td><td width=\"100px\">Jurbarkas<\/td><td width=\"150px\">Maratomanija<\/td><td width=\"100px\">42.2<\/td><td width=\"60px\">5:30:48<\/td><td width=\"50px\">0:07:50<\/td><\/tr><tr class=\"meniuoff\" onmouseover=\"className=&quot;meniuon&quot;\" onmouseout=\"className=&quot;meniuoff&quot;\"><td width=\"40px\">6.<\/td><td><a href=\"https:\/\/www.myrace.lt\/diplomas\/diplomas.php?id=13632\" target=\"_blank\">\n\t\t\t\t\t\t\t<img decoding=\"async\" src=\"\/diplomas\/diplomai\/ico-gimt4.jpg\"><\/a><\/td><td width=\"40px\">69<\/td><td style=\"text-align: right; padding-right: 10px;\" width=\"70px\">Aleksei<\/td><td style=\"text-align: left; padding-left: 10px;\" width=\"70px\">Popov<\/td><td width=\"40px\">V<\/td><td width=\"50px\">57<\/td><td width=\"50px\">LTU<\/td><td width=\"100px\">Vilnius<\/td><td width=\"150px\"><\/td><td width=\"100px\">25.3<\/td><td width=\"60px\">2:27:27<\/td><td width=\"50px\">0:05:50<\/td><\/tr><tr class=\"meniuoff\" onmouseover=\"className=&quot;meniuon&quot;\" onmouseout=\"className=&quot;meniuoff&quot;\"><td width=\"40px\">7.<\/td><td><a href=\"https:\/\/www.myrace.lt\/diplomas\/diplomas.php?id=13633\" target=\"_blank\">\n\t\t\t\t\t\t\t<img decoding=\"async\" src=\"\/diplomas\/diplomai\/ico-gimt4.jpg\"><\/a><\/td><td width=\"40px\">73<\/td><td style=\"text-align: right; padding-right: 10px;\" width=\"70px\">Svaj\u016bnas<\/td><td style=\"text-align: left; padding-left: 10px;\" width=\"70px\">\u0160aknys<\/td><td width=\"40px\">V<\/td><td width=\"50px\">38<\/td><td width=\"50px\">LTU<\/td><td width=\"100px\">Roki\u0161kis<\/td><td width=\"150px\">Roki\u0161kio b\u0117gimo klubas<\/td><td width=\"100px\">21.1<\/td><td width=\"60px\">1:37:29<\/td><td width=\"50px\">0:04:37<\/td><\/tr><tr class=\"meniuoff\" onmouseover=\"className=&quot;meniuon&quot;\" onmouseout=\"className=&quot;meniuoff&quot;\"><td width=\"40px\">8.<\/td><td><a href=\"https:\/\/www.myrace.lt\/diplomas\/diplomas.php?id=13634\" target=\"_blank\">\n\t\t\t\t\t\t\t<img decoding=\"async\" src=\"\/diplomas\/diplomai\/ico-gimt4.jpg\"><\/a><\/td><td width=\"40px\">83<\/td><td style=\"text-align: right; padding-right: 10px;\" width=\"70px\">Egidijus<\/td><td style=\"text-align: left; padding-left: 10px;\" width=\"70px\">Jani\u0161ka<\/td><td width=\"40px\">V<\/td><td width=\"50px\">55<\/td><td width=\"50px\">LTU<\/td><td width=\"100px\">Trakai<\/td><td width=\"150px\"><\/td><td width=\"100px\">21.1<\/td><td width=\"60px\">1:48:56<\/td><td width=\"50px\">0:05:10<\/td><\/tr><tr class=\"meniuoff\" onmouseover=\"className=&quot;meniuon&quot;\" onmouseout=\"className=&quot;meniuoff&quot;\"><td width=\"40px\">9.<\/td><td><a href=\"https:\/\/www.myrace.lt\/diplomas\/diplomas.php?id=13635\" target=\"_blank\">\n\t\t\t\t\t\t\t<img decoding=\"async\" src=\"\/diplomas\/diplomai\/ico-gimt4.jpg\"><\/a><\/td><td width=\"40px\">78<\/td><td style=\"text-align: right; padding-right: 10px;\" width=\"70px\">Tomas<\/td><td style=\"text-align: left; padding-left: 10px;\" width=\"70px\">Urnie\u017eius<\/td><td width=\"40px\">V<\/td><td width=\"50px\">42<\/td><td width=\"50px\">LTU<\/td><td width=\"100px\">\u0160iauliai<\/td><td width=\"150px\"><\/td><td width=\"100px\">21.1<\/td><td width=\"60px\">1:55:31<\/td><td width=\"50px\">0:05:28<\/td><\/tr><tr class=\"meniuoff\" onmouseover=\"className=&quot;meniuon&quot;\" onmouseout=\"className=&quot;meniuoff&quot;\"><td width=\"40px\">10.<\/td><td><a href=\"https:\/\/www.myrace.lt\/diplomas\/diplomas.php?id=13636\" target=\"_blank\">\n\t\t\t\t\t\t\t<img decoding=\"async\" src=\"\/diplomas\/diplomai\/ico-gimt4.jpg\"><\/a><\/td><td width=\"40px\">76<\/td><td style=\"text-align: right; padding-right: 10px;\" width=\"70px\">Aleksandr<\/td><td style=\"text-align: left; padding-left: 10px;\" width=\"70px\">Somkin<\/td><td width=\"40px\">V<\/td><td width=\"50px\">36<\/td><td width=\"50px\">LTU<\/td><td width=\"100px\">Vilnius<\/td><td width=\"150px\">Maratomanija<\/td><td width=\"100px\">21.1<\/td><td width=\"60px\">2:10:35<\/td><td width=\"50px\">0:06:11<\/td><\/tr><tr class=\"meniuoff\" onmouseover=\"className=&quot;meniuon&quot;\" onmouseout=\"className=&quot;meniuoff&quot;\"><td width=\"40px\">11.<\/td><td><a href=\"https:\/\/www.myrace.lt\/diplomas\/diplomas.php?id=13637\" target=\"_blank\">\n\t\t\t\t\t\t\t<img decoding=\"async\" src=\"\/diplomas\/diplomai\/ico-gimt4.jpg\"><\/a><\/td><td width=\"40px\">64<\/td><td style=\"text-align: right; padding-right: 10px;\" width=\"70px\">Gerardas<\/td><td style=\"text-align: left; padding-left: 10px;\" width=\"70px\">Kvedaras<\/td><td width=\"40px\">V<\/td><td width=\"50px\">37<\/td><td width=\"50px\">LTU<\/td><td width=\"100px\">Kaunas<\/td><td width=\"150px\">Lietuvos \u0160auli\u0173 S\u0105junga<\/td><td width=\"100px\">8.4<\/td><td width=\"60px\">0:39:00<\/td><td width=\"50px\">0:04:39<\/td><\/tr><tr class=\"meniuoff\" onmouseover=\"className=&quot;meniuon&quot;\" onmouseout=\"className=&quot;meniuoff&quot;\"><td width=\"40px\">12.<\/td><td><a href=\"https:\/\/www.myrace.lt\/diplomas\/diplomas.php?id=13638\" target=\"_blank\">\n\t\t\t\t\t\t\t<img decoding=\"async\" src=\"\/diplomas\/diplomai\/ico-gimt4.jpg\"><\/a><\/td><td width=\"40px\">55<\/td><td style=\"text-align: right; padding-right: 10px;\" width=\"70px\">Rolandas<\/td><td style=\"text-align: left; padding-left: 10px;\" width=\"70px\">\u010ces\u016bnas<\/td><td width=\"40px\">V<\/td><td width=\"50px\">67<\/td><td width=\"50px\">LTU<\/td><td width=\"100px\">Vilnius<\/td><td width=\"150px\"><\/td><td width=\"100px\">8.4<\/td><td width=\"60px\">0:46:48<\/td><td width=\"50px\">0:05:34<\/td><\/tr><tr class=\"meniuoff\" onmouseover=\"className=&quot;meniuon&quot;\" onmouseout=\"className=&quot;meniuoff&quot;\"><td width=\"40px\">13.<\/td><td><a href=\"https:\/\/www.myrace.lt\/diplomas\/diplomas.php?id=13639\" target=\"_blank\">\n\t\t\t\t\t\t\t<img decoding=\"async\" src=\"\/diplomas\/diplomai\/ico-gimt4.jpg\"><\/a><\/td><td width=\"40px\">63<\/td><td style=\"text-align: right; padding-right: 10px;\" width=\"70px\">Aleksandras<\/td><td style=\"text-align: left; padding-left: 10px;\" width=\"70px\">Konarskis<\/td><td width=\"40px\">V<\/td><td width=\"50px\">42<\/td><td width=\"50px\">LTU<\/td><td width=\"100px\">Vilnius<\/td><td width=\"150px\">Take it Easy<\/td><td width=\"100px\">8.4<\/td><td width=\"60px\">0:48:27<\/td><td width=\"50px\">0:05:46<\/td><\/tr><tr class=\"meniuoff\" onmouseover=\"className=&quot;meniuon&quot;\" onmouseout=\"className=&quot;meniuoff&quot;\"><td width=\"40px\">14.<\/td><td><a href=\"https:\/\/www.myrace.lt\/diplomas\/diplomas.php?id=13640\" target=\"_blank\">\n\t\t\t\t\t\t\t<img decoding=\"async\" src=\"\/diplomas\/diplomai\/ico-gimt4.jpg\"><\/a><\/td><td width=\"40px\">58<\/td><td style=\"text-align: right; padding-right: 10px;\" width=\"70px\">Aurelijus<\/td><td style=\"text-align: left; padding-left: 10px;\" width=\"70px\">Gutauskas<\/td><td width=\"40px\">V<\/td><td width=\"50px\">53<\/td><td width=\"50px\">LTU<\/td><td width=\"100px\">Vilnius<\/td><td width=\"150px\">Savaranki\u0161kai<\/td><td width=\"100px\">8.4<\/td><td width=\"60px\">0:49:18<\/td><td width=\"50px\">0:05:52<\/td><\/tr><tr class=\"meniuoff\" onmouseover=\"className=&quot;meniuon&quot;\" onmouseout=\"className=&quot;meniuoff&quot;\"><td width=\"40px\">15.<\/td><td><a href=\"https:\/\/www.myrace.lt\/diplomas\/diplomas.php?id=13641\" target=\"_blank\">\n\t\t\t\t\t\t\t<img decoding=\"async\" src=\"\/diplomas\/diplomai\/ico-gimt4.jpg\"><\/a><\/td><td width=\"40px\">85<\/td><td style=\"text-align: right; padding-right: 10px;\" width=\"70px\">Renata<\/td><td style=\"text-align: left; padding-left: 10px;\" width=\"70px\">\u0160lenien\u0117<\/td><td width=\"40px\">M<\/td><td width=\"50px\">46<\/td><td width=\"50px\">LTU<\/td><td width=\"100px\">Vilnius<\/td><td width=\"150px\">Maratomanija<\/td><td width=\"100px\">8.4<\/td><td width=\"60px\">0:59:36<\/td><td width=\"50px\">0:07:06<\/td><\/tr><tr class=\"meniuoff\" onmouseover=\"className=&quot;meniuon&quot;\" onmouseout=\"className=&quot;meniuoff&quot;\"><td width=\"40px\">16.<\/td><td><a href=\"https:\/\/www.myrace.lt\/diplomas\/diplomas.php?id=13642\" target=\"_blank\">\n\t\t\t\t\t\t\t<img decoding=\"async\" src=\"\/diplomas\/diplomai\/ico-gimt4.jpg\"><\/a><\/td><td width=\"40px\">84<\/td><td style=\"text-align: right; padding-right: 10px;\" width=\"70px\">Orija<\/td><td style=\"text-align: left; padding-left: 10px;\" width=\"70px\">Aleksien\u0117<\/td><td width=\"40px\">M<\/td><td width=\"50px\">47<\/td><td width=\"50px\">LTU<\/td><td width=\"100px\"><\/td><td width=\"150px\"><\/td><td width=\"100px\">4.2<\/td><td width=\"60px\">0:29:29<\/td><td width=\"50px\">0:07:01<\/td><\/tr><tr class=\"meniuoff\" onmouseover=\"className=&quot;meniuon&quot;\" onmouseout=\"className=&quot;meniuoff&quot;\"><td width=\"40px\">17.<\/td><td><a href=\"https:\/\/www.myrace.lt\/diplomas\/diplomas.php?id=13643\" target=\"_blank\">\n\t\t\t\t\t\t\t<img decoding=\"async\" src=\"\/diplomas\/diplomai\/ico-gimt4.jpg\"><\/a><\/td><td width=\"40px\">75<\/td><td style=\"text-align: right; padding-right: 10px;\" width=\"70px\">Monika<\/td><td style=\"text-align: left; padding-left: 10px;\" width=\"70px\">Skruodiene<\/td><td width=\"40px\">M<\/td><td width=\"50px\">38<\/td><td width=\"50px\">LTU<\/td><td width=\"100px\">Vilnius<\/td><td width=\"150px\">FTMC bk<\/td><td width=\"100px\">4.2<\/td><td width=\"60px\">0:29:35<\/td><td width=\"50px\">0:07:03<\/td><\/tr><tr class=\"meniuoff\" onmouseover=\"className=&quot;meniuon&quot;\" onmouseout=\"className=&quot;meniuoff&quot;\"><td width=\"40px\">18.<\/td><td><a href=\"https:\/\/www.myrace.lt\/diplomas\/diplomas.php?id=13644\" target=\"_blank\">\n\t\t\t\t\t\t\t<img decoding=\"async\" src=\"\/diplomas\/diplomai\/ico-gimt4.jpg\"><\/a><\/td><td width=\"40px\">81<\/td><td style=\"text-align: right; padding-right: 10px;\" width=\"70px\">Giedr\u0117<\/td><td style=\"text-align: left; padding-left: 10px;\" width=\"70px\">\u017di\u010dk\u0117<\/td><td width=\"40px\">M<\/td><td width=\"50px\">46<\/td><td width=\"50px\">LTU<\/td><td width=\"100px\">Vilnius<\/td><td width=\"150px\">Maratomanija<\/td><td width=\"100px\">4.2<\/td><td width=\"60px\">0:31:46<\/td><td width=\"50px\">0:07:34<\/td><\/tr><tr class=\"meniuoff\" onmouseover=\"className=&quot;meniuon&quot;\" onmouseout=\"className=&quot;meniuoff&quot;\"><td width=\"40px\">19.<\/td><td><a href=\"https:\/\/www.myrace.lt\/diplomas\/diplomas.php?id=13645\" target=\"_blank\">\n\t\t\t\t\t\t\t<img decoding=\"async\" src=\"\/diplomas\/diplomai\/ico-gimt4.jpg\"><\/a><\/td><td width=\"40px\">67<\/td><td style=\"text-align: right; padding-right: 10px;\" width=\"70px\">Jurgita<\/td><td style=\"text-align: left; padding-left: 10px;\" width=\"70px\">Paulavi\u010di\u016bt\u0117<\/td><td width=\"40px\">M<\/td><td width=\"50px\">42<\/td><td width=\"50px\">LTU<\/td><td width=\"100px\">Vilnius<\/td><td width=\"150px\"><\/td><td width=\"100px\">4.2<\/td><td width=\"60px\">0:40:20<\/td><td width=\"50px\">0:09:36<\/td><\/tr><tr class=\"meniuoff\" onmouseover=\"className=&quot;meniuon&quot;\" onmouseout=\"className=&quot;meniuoff&quot;\"><td width=\"40px\">20.<\/td><td><a href=\"https:\/\/www.myrace.lt\/diplomas\/diplomas.php?id=13646\" target=\"_blank\">\n\t\t\t\t\t\t\t<img decoding=\"async\" src=\"\/diplomas\/diplomai\/ico-gimt4.jpg\"><\/a><\/td><td width=\"40px\">82<\/td><td style=\"text-align: right; padding-right: 10px;\" width=\"70px\">Aja<\/td><td style=\"text-align: left; padding-left: 10px;\" width=\"70px\">Skruodyt\u0117<\/td><td width=\"40px\">M<\/td><td width=\"50px\">7<\/td><td width=\"50px\">LTU<\/td><td width=\"100px\">Vilnius<\/td><td width=\"150px\"><\/td><td width=\"100px\">4.2<\/td><td width=\"60px\">0:40:40<\/td><td width=\"50px\">0:09:41<\/td><\/tr><tr class=\"meniuoff\" onmouseover=\"className=&quot;meniuon&quot;\" onmouseout=\"className=&quot;meniuoff&quot;\"><td width=\"40px\">21.<\/td><td><a href=\"https:\/\/www.myrace.lt\/diplomas\/diplomas.php?id=13647\" target=\"_blank\">\n\t\t\t\t\t\t\t<img decoding=\"async\" src=\"\/diplomas\/diplomai\/ico-gimt4.jpg\"><\/a><\/td><td width=\"40px\">68<\/td><td style=\"text-align: right; padding-right: 10px;\" width=\"70px\">Deividas<\/td><td style=\"text-align: left; padding-left: 10px;\" width=\"70px\">Podobajevas<\/td><td width=\"40px\">V<\/td><td width=\"50px\">41<\/td><td width=\"50px\">LTU<\/td><td width=\"100px\">Vilnius<\/td><td width=\"150px\"><\/td><td width=\"100px\">4.2<\/td><td width=\"60px\">0:45:11<\/td><td width=\"50px\">0:10:45<\/td><\/tr><tr class=\"meniuoff\" onmouseover=\"className=&quot;meniuon&quot;\" onmouseout=\"className=&quot;meniuoff&quot;\"><td width=\"40px\">22.<\/td><td><a href=\"https:\/\/www.myrace.lt\/diplomas\/diplomas.php?id=13648\" target=\"_blank\">\n\t\t\t\t\t\t\t<img decoding=\"async\" src=\"\/diplomas\/diplomai\/ico-gimt4.jpg\"><\/a><\/td><td width=\"40px\">60<\/td><td style=\"text-align: right; padding-right: 10px;\" width=\"70px\">Rugile<\/td><td style=\"text-align: left; padding-left: 10px;\" width=\"70px\">Janulyte<\/td><td width=\"40px\">M<\/td><td width=\"50px\">11<\/td><td width=\"50px\">LTU<\/td><td width=\"100px\">Jurbarkas<\/td><td width=\"150px\">Maratomanija<\/td><td width=\"100px\">4.2<\/td><td width=\"60px\">0:46:48<\/td><td width=\"50px\">0:11:09<\/td><\/tr><tr class=\"meniuoff\" onmouseover=\"className=&quot;meniuon&quot;\" onmouseout=\"className=&quot;meniuoff&quot;\"><td width=\"40px\">23.<\/td><td><a href=\"https:\/\/www.myrace.lt\/diplomas\/diplomas.php?id=13649\" target=\"_blank\">\n\t\t\t\t\t\t\t<img decoding=\"async\" src=\"\/diplomas\/diplomai\/ico-gimt4.jpg\"><\/a><\/td><td width=\"40px\">57<\/td><td style=\"text-align: right; padding-right: 10px;\" width=\"70px\">Olga<\/td><td style=\"text-align: left; padding-left: 10px;\" width=\"70px\">Gri\u0161kalauskait\u0117<\/td><td width=\"40px\">M<\/td><td width=\"50px\">41<\/td><td width=\"50px\">LTU<\/td><td width=\"100px\">Vilnius<\/td><td width=\"150px\"><\/td><td width=\"100px\">4.2<\/td><td width=\"60px\">0:49:37<\/td><td width=\"50px\">0:11:49<\/td><\/tr><\/table><\/div>\n","protected":false},"excerpt":{"rendered":"","protected":false},"author":2,"featured_media":0,"parent":398,"menu_order":0,"comment_status":"closed","ping_status":"closed","template":"templates\/full-width-page.php","meta":{"footnotes":""},"class_list":["post-291","page","type-page","status-publish","hentry"],"_links":{"self":[{"href":"https:\/\/www.myrace.lt\/gimtadieniomaratonas\/wp-json\/wp\/v2\/pages\/291","targetHints":{"allow":["GET"]}}],"collection":[{"href":"https:\/\/www.myrace.lt\/gimtadieniomaratonas\/wp-json\/wp\/v2\/pages"}],"about":[{"href":"https:\/\/www.myrace.lt\/gimtadieniomaratonas\/wp-json\/wp\/v2\/types\/page"}],"author":[{"embeddable":true,"href":"https:\/\/www.myrace.lt\/gimtadieniomaratonas\/wp-json\/wp\/v2\/users\/2"}],"replies":[{"embeddable":true,"href":"https:\/\/www.myrace.lt\/gimtadieniomaratonas\/wp-json\/wp\/v2\/comments?post=291"}],"version-history":[{"count":5,"href":"https:\/\/www.myrace.lt\/gimtadieniomaratonas\/wp-json\/wp\/v2\/pages\/291\/revisions"}],"predecessor-version":[{"id":412,"href":"https:\/\/www.myrace.lt\/gimtadieniomaratonas\/wp-json\/wp\/v2\/pages\/291\/revisions\/412"}],"up":[{"embeddable":true,"href":"https:\/\/www.myrace.lt\/gimtadieniomaratonas\/wp-json\/wp\/v2\/pages\/398"}],"wp:attachment":[{"href":"https:\/\/www.myrace.lt\/gimtadieniomaratonas\/wp-json\/wp\/v2\/media?parent=291"}],"curies":[{"name":"wp","href":"https:\/\/api.w.org\/{rel}","templated":true}]}}