{"id":12,"date":"2026-03-17T14:56:48","date_gmt":"2026-03-17T14:56:48","guid":{"rendered":"https:\/\/www.lbmaregistracija.lt\/naujas\/?page_id=12"},"modified":"2026-03-24T18:16:50","modified_gmt":"2026-03-24T16:16:50","slug":"nuostatai","status":"publish","type":"page","link":"https:\/\/www.myrace.lt\/alytus\/nuostatai\/","title":{"rendered":"Nuostatai"},"content":{"rendered":"<p style=\"text-align: center;\"><span style=\"font-size: 24pt; color: #000000;\"><strong>NUOSTATAI<\/strong><\/span><\/p>\n<p><span style=\"font-size: 14pt; color: #000000;\"><strong>I. BENDROJI DALIS<\/strong><\/span><\/p>\n<p><span style=\"color: #000000;\">V\u0161\u012e \u201eMaratomanija\u201d 2026 m. bir\u017eelio 14 d. rengia &#8222;ALYTAUS MARATONAS 2026&#8221;<\/span><\/p>\n<p><span style=\"font-size: 14pt; color: #000000;\"><strong>II. TIKSLAI IR U\u017dDAVINIAI<\/strong><\/span><\/p>\n<p><span style=\"color: #000000;\">Populiarinti maraton\u0173 b\u0117gimo kult\u016br\u0105 Lietuvoje.<\/span><br \/>\n<span style=\"color: #000000;\">Populiarinti b\u0117gim\u0105 Lietuvoje.<\/span><br \/>\n<span style=\"color: #000000;\">Vie\u0161inti rengin\u012f, garsinant Alyt\u0173.<\/span><br \/>\n<span style=\"color: #000000;\">I\u0161siai\u0161kinti ir apdovanoti geriausius b\u0117gikus.<\/span><\/p>\n<p><span style=\"font-size: 14pt; color: #000000;\"><strong>III. RENGINIO ORGANIZATORI\u0172 ATSAKOMYB\u0116 IR PAREIGOS<\/strong><\/span><\/p>\n<p><span style=\"color: #000000;\">1. Registruoti renginio dalyvius, pagaminti ir i\u0161duoti numerius.<\/span><br \/>\n<span style=\"color: #000000;\">2. I\u0161matuoti tras\u0105 bei techni\u0161kai paruo\u0161ti j\u0105 var\u017eyboms<\/span><br \/>\n<span style=\"color: #000000;\">3. Reklamuoti rengin\u012f.<\/span><br \/>\n<span style=\"color: #000000;\">4. Suderinti su Alytaus savivaldybe renginio pravedim\u0105.<\/span><\/p>\n<p><span style=\"font-size: 14pt; color: #000000;\"><strong>IV. VAR\u017dYB\u0172 VIETA, LAIKAS IR NUOTOLIAI<\/strong><\/span><\/p>\n<p><span style=\"color: #000000;\">2026 m. bir\u017eelio 14 d. 9.00 val., Alytus.<\/span><\/p>\n<p><span style=\"color: #000000;\">ALYTAUS MARATONO metu m\u0117g\u0117jai ir profesionalai gal\u0117s var\u017eytis \u0161iose rungtyse:<\/span><\/p>\n<p><span style=\"color: #000000;\"><em>B\u0117gimas:<\/em><\/span><\/p>\n<p><span style=\"color: #000000;\">Distancijos: 500 m,\u00a0 7 km,\u00a0 14 km, 21,098 km,\u00a0 42,195 km,<\/span><\/p>\n<p><span style=\"color: #000000;\">Startai:<\/span><\/p>\n<p><span style=\"color: #000000;\">Maratone \u2013 Startas 9.00;<\/span><br \/>\n<span style=\"color: #000000;\">Pusmaratonyje \u2013 Startas 9.00;<\/span><br \/>\n<span style=\"color: #000000;\">14 km b\u0117gime \u2013 Startas 9.00;<\/span><br \/>\n<span style=\"color: #000000;\">7 km b\u0117gime \u2013 Startas 9.00;<\/span><br \/>\n<span style=\"color: #000000;\">500 m vaik\u0173 b\u0117gimas \u2013 Startas 13.00.<\/span><\/p>\n<p><span style=\"color: #000000;\"><em>\u0160iaurieti\u0161kas \u0117jimas:<\/em><\/span><\/p>\n<p><span style=\"color: #000000;\">Distancijos: 7 km, 14 km, 21,098 km<\/span><\/p>\n<p><span style=\"color: #000000;\">Startai:<\/span><\/p>\n<p><span style=\"color: #000000;\">Pusmaratonyje \u2013 Startas 9.00;<\/span><br \/>\n<span style=\"color: #000000;\">14 km \u2013 Startas 9.00;<\/span><br \/>\n<span style=\"color: #000000;\">7 km \u2013 Startas 9.00;<\/span><\/p>\n<p><span style=\"font-size: 14pt; color: #000000;\"><strong>V. LAIKO LIMITAS<\/strong><\/span><\/p>\n<p><span style=\"color: #000000;\">42,195 km \u2013 6 val.<\/span><br \/>\n<span style=\"color: #000000;\">21,098 km \u2013 3 val.<\/span><br \/>\n<span style=\"color: #000000;\">10,6 km \u2013 2 val.<\/span><br \/>\n<span style=\"color: #000000;\">5,3 km \u2013 1 val.<\/span><\/p>\n<p><span style=\"color: #000000;\">\u0160iaurieti\u0161ko \u0117jimo distancijoms skiriamas 5 val. limitas.<\/span><\/p>\n<p><span style=\"font-size: 14pt; color: #000000;\"><strong>VI. DALYVIAI<\/strong><\/span><\/p>\n<p><span style=\"color: #000000;\">1.Var\u017eybose gali dalyvauti visi norintys, u\u017esiregistrav\u0119, pasitikrin\u0119 sveikat\u0105 ir susipa\u017ein\u0119 su b\u0117gimo nuostatais. Visi dalyviai b\u0117gime dalyvauja laisva valia ir niekieno never\u010diami ir prisiima vis\u0105 su dalyvavimu b\u0117gime susijusi\u0105 (tame tarpe su \u012fvairiais sveikatos sutrikimais ir pan.) rizik\u0105 bei \u012fsipareigoja d\u0117l to nereik\u0161ti renginio organizatoriams joki\u0173 pretenzij\u0173.<\/span><br \/>\n<span style=\"color: #000000;\">2. B\u0117gikai, atsiimdami numer\u012f, privalo tur\u0117ti asmens dokument\u0105. U\u017e nepilname\u010dius, dalyvaujan\u010dius renginyje atsako j\u0173 t\u0117vai, glob\u0117jai arba treneris.<\/span><br \/>\n<span style=\"color: #000000;\">3. Kiekvienas dalyvis u\u017esiregistruodamas savaime sutinka, kad renginio organizatoriai visas renginio metu padarytas nuotraukas bei filmuot\u0105 med\u017eiag\u0105 gali laisvai, be atskiro sutikimo, naudoti rinkodaros tikslais.<\/span><\/p>\n<p><span style=\"color: #000000;\"><strong><span style=\"font-size: 14pt;\">VII. SPECIALIOS S\u0104LYGOS IR APRIBOJIMAI<\/span><\/strong><\/span><\/p>\n<p><span style=\"color: #000000;\">Registruotis \u012f bet kuri\u0105 rungt\u012f galima tik savo vardu. Savo numer\u012f perduoti kitam dalyviui draud\u017eiama. Tokiu atveju dalyviai bus diskvalifikuojami, o rezultatai \u012f var\u017eyb\u0173 protokol\u0105 ne\u012ftraukiami.<\/span><br \/>\n<span style=\"color: #000000;\">Kiekvienas dalyvis var\u017eybose privalo tur\u0117ti ant mar\u0161kin\u0117li\u0173 tvarkingai pritvirtint\u0105 numer\u012f. Numeris turi b\u016bti ant mar\u0161kin\u0117li\u0173 priekio (kr\u016btin\u0117s), ai\u0161kiai matomoje vietoje.<\/span><br \/>\n<span style=\"color: #000000;\">Dalyviams bei juos palaikantiems asmenims grie\u017etai draud\u017eiama naudoti bet kokias transporto priemones, pvz.: dvira\u010dius, riedu\u010dius, riedlentes ir kitas ratuotas transporto priemones. Dalyviai, pa\u017eeid\u0119 \u0161\u012f nuostat\u0173 punkt\u0105, bus diskvalifikuojami.<\/span><br \/>\n<span style=\"color: #000000;\">Kiekvienas b\u0117gimo dalyvis turi prisitvirtinti laiko matavimo elektronin\u0119 mikroschem\u0105 ant mar\u0161kin\u0117li\u0173. Jeigu mikroschema nebus pritvirtinta tinkamai, dalyvio laikas nebus fiksuojamas ir tokie dalyviai nebus \u012ftraukti \u012f var\u017eyb\u0173 protokol\u0105.<\/span><br \/>\n<span style=\"color: #000000;\">Var\u017eyb\u0173 dalyviams nukrypti nuo b\u0117gimo trasos (be teis\u0117jo leidimo) yra draud\u017eiama. Dalyviai, pa\u017eeid\u0119 \u0161i\u0105 taisykl\u0119, bus diskvalifikuojami.<\/span><br \/>\n<span style=\"color: #000000;\">Bet kokios dalyvi\u0173 pretenzijos turi b\u016bti pateiktos ra\u0161tu var\u017eyb\u0173 vyr. teis\u0117jui ne v\u0117liau kaip per 30 minu\u010di\u0173 po var\u017eyb\u0173 pabaigos. Dalyvis, pateikdamas pretenzij\u0105, privalo sumok\u0117ti 30 eur\u0173 mokest\u012f, kuris gr\u0105\u017einamas tik tuo atveju, jeigu apeliacin\u0117 komisija (maratono direktorius, vyr. teis\u0117jas) pretenzij\u0105 patenkins. Kol dalyvis nesumoka \u0161io mokes\u010dio, pretenzijos nesvarstomos.<\/span><br \/>\n<span style=\"color: #000000;\">Renginio organizatoriai neatsako u\u017e dalyvi\u0173 sveikat\u0105 ar sveikatos sutrikimus, patirtus b\u0117gimo metu. Dalyviai privalo patys asmeni\u0161kai pasitikrinti sveikat\u0105.<\/span><br \/>\n<span style=\"color: #000000;\">Kiekvienas dalyvis u\u017esiregistravimu savaime sutinka, kad renginio organizatoriai visas renginio metu padarytas nuotraukas bei filmuot\u0105 med\u017eiag\u0105 laisvai ir be atskiro sutikimo naudot\u0173 rinkodaros tikslais, pvz., socialiniuose tinkluose, internetin\u0117je svetain\u0117je ir kt.<\/span><\/p>\n<p><span style=\"font-size: 14pt; color: #000000;\"><strong>VIII. SPECIAL\u016aS PUNKTAI TRASOJE<\/strong><\/span><br \/>\n<span style=\"color: #000000;\">Trasoje bus \u012frengtos dvi vandens stotel\u0117s bei maitinimo stotel\u0117s, kuriose var\u017eyb\u0173 metu dalyviams bus dalinami g\u0117rimai \u2013 vanduo, Cola, gaivieji g\u0117rimai, vaisiai, sausainiai, u\u017ekand\u017eiai.<\/span><br \/>\n<span style=\"color: #000000;\">Maitinimo stotel\u0117s bus \u012frengtos kas 3,5 km.<\/span><\/p>\n<p><span style=\"color: #000000;\"><strong><span style=\"font-size: 14pt;\">IX. APDOVANOJIMAI<\/span><\/strong><\/span><\/p>\n<p><span style=\"color: #000000;\">42,195 km rungties apdovanojimai:<\/span><br \/>\n<span style=\"color: #000000;\">\u2022 1 \u2013 5 vietas u\u017e\u0117m\u0119 vyrai ir moterys \u2013 r\u0117m\u0117j\u0173 prizai, taur\u0117s, medaliai;<\/span><br \/>\n<span style=\"color: #000000;\">\u2022 Visiems, pasiekusiems fini\u0161\u0105 per kontrolin\u012f laik\u0105 \u2013 atminimo medaliai ;<\/span><\/p>\n<p><span style=\"color: #000000;\">21,098 km rungties apdovanojimai:<\/span><br \/>\n<span style=\"color: #000000;\">\u2022 1 \u2013 3 vietas u\u017e\u0117m\u0119 vyrai ir moterys \u2013 r\u0117m\u0117j\u0173 prizai, taur\u0117s, medaliai;<\/span><br \/>\n<span style=\"color: #000000;\">\u2022 Visiems, pasiekusiems fini\u0161\u0105 per kontrolin\u012f laik\u0105 \u2013 atminimo medaliai;<\/span><\/p>\n<p><span style=\"color: #000000;\">10,6 km rungties apdovanojimai:<\/span><br \/>\n<span style=\"color: #000000;\">\u2022 1 \u2013 3 vietas u\u017e\u0117m\u0119 vyrai ir moterys \u2013 r\u0117m\u0117j\u0173 prizai, taur\u0117s, medaliai;<\/span><br \/>\n<span style=\"color: #000000;\">\u2022 Visiems, pasiekusiems fini\u0161\u0105 per kontrolin\u012f laik\u0105 \u2013 atminimo medaliai;<\/span><\/p>\n<p><span style=\"color: #000000;\">5,3 km rungties apdovanojimai:<\/span><br \/>\n<span style=\"color: #000000;\">\u2022 1 \u2013 3 vietas u\u017e\u0117m\u0119 vyrai ir moterys \u2013 r\u0117m\u0117j\u0173 prizai, taur\u0117s, medaliai;<\/span><br \/>\n<span style=\"color: #000000;\">\u2022 Visiems, pasiekusiems fini\u0161\u0105 per kontrolin\u012f laik\u0105 \u2013 atminimo medaliai;<\/span><\/p>\n<p><span style=\"color: #000000;\">500 m vaik\u0173 b\u0117gimas<\/span><br \/>\n<span style=\"color: #000000;\">Visiems \u012fveikusiems distancij\u0105 \u2013 atminimo medaliai.<\/span><\/p>\n<p><span style=\"color: #000000;\">\u0160iaurieti\u0161ko \u0117jimo vis\u0173 distancij\u0173 dalyviams, pasiekusiems fini\u0161\u0105 \u2013 atminimo medaliai ;<\/span><\/p>\n<p><span style=\"color: #000000;\">Nominacijos:<\/span><\/p>\n<p><span style=\"color: #000000;\">Vyriausias dalyvis<\/span><br \/>\n<span style=\"color: #000000;\">Originaliausias kostiumas<\/span><br \/>\n<span style=\"color: #000000;\">Gausiausia komanda<\/span><br \/>\n<span style=\"color: #000000;\">I\u0161tvermingiausia komanda \u2013 1, 2, 3 vietos (komandos surinkusios daugiausia km per visas distancijas)<\/span><br \/>\n<strong><span style=\"color: #800000;\">PASTABA! Visi nugal\u0117tojai ir prizininkai privalo tur\u0117ti savo b\u0117gimo \u012frodym\u0105 ir papra\u0161ius var\u017eyb\u0173 organizatoriams, j\u012f pateikti. Tinka \u012fvairi\u0173 sportini\u0173 program\u0117li\u0173, sportini\u0173 laikrod\u017ei\u0173 parodymai, kuriuose b\u016bt\u0173 galima pamatyti vis\u0105 dalyvio b\u0117gimo statistik\u0105.<\/span><\/strong><\/p>\n<p><span style=\"color: #000000;\"><strong><span style=\"font-size: 14pt;\">X. DALYVI\u0172 STARTINIS MOKESTIS<\/span><\/strong><\/span><\/p>\n<table style=\"border-collapse: collapse; width: 100%;\">\n<tbody>\n<tr style=\"height: 79px;\">\n<td style=\"width: 18.0179%; height: 79px;\" width=\"108\"><span style=\"color: #000000;\"><strong>Distancija<\/strong><\/span><\/td>\n<td style=\"width: 19.7603%; height: 79px; text-align: center;\" width=\"117\"><span style=\"color: #000000;\"><strong>2026.04.01 &#8211; 2026.04.30<\/strong><\/span><\/td>\n<td style=\"width: 19.7376%; height: 79px; text-align: center;\" width=\"117\"><span style=\"color: #000000;\"><strong>2026.05.01 \u2013 2026.05.31<\/strong><\/span><\/td>\n<td style=\"width: 19.5957%; height: 79px; text-align: center;\" width=\"117\"><span style=\"color: #000000;\"><strong>2026.06.01 \u2013 2026.06.10<\/strong><\/span><\/td>\n<td style=\"width: 82.1333%; height: 79px; text-align: center;\" width=\"117\"><span style=\"color: #000000;\"><strong>Renginio dien\u0105<\/strong><\/span><\/td>\n<\/tr>\n<tr style=\"height: 55px;\">\n<td style=\"width: 18.0179%; height: 55px;\" width=\"108\"><span style=\"color: #000000;\"><strong>500m<\/strong><\/span><\/td>\n<td style=\"width: 19.7603%; height: 55px; text-align: center;\" width=\"117\"><span style=\"color: #000000;\"><strong>9 Eur<\/strong><\/span><\/td>\n<td style=\"width: 19.7376%; height: 55px; text-align: center;\" width=\"117\"><span style=\"color: #000000;\"><strong>10 Eur<\/strong><\/span><\/td>\n<td style=\"width: 19.5957%; height: 55px; text-align: center;\" width=\"117\"><span style=\"color: #000000;\"><strong>13 Eur<\/strong><\/span><\/td>\n<td style=\"width: 82.1333%; height: 55px; text-align: center;\" width=\"117\"><span style=\"color: #000000;\"><strong>20 Eur<\/strong><\/span><\/td>\n<\/tr>\n<tr style=\"height: 55px;\">\n<td style=\"width: 18.0179%; height: 55px;\" width=\"108\"><span style=\"color: #000000;\"><strong>7 km<\/strong><\/span><\/td>\n<td style=\"width: 19.7603%; height: 55px; text-align: center;\" width=\"117\"><span style=\"color: #000000;\"><strong>10 Eur<\/strong><\/span><\/td>\n<td style=\"width: 19.7376%; height: 55px; text-align: center;\" width=\"117\"><span style=\"color: #000000;\"><strong>15 Eur<\/strong><\/span><\/td>\n<td style=\"width: 19.5957%; height: 55px; text-align: center;\" width=\"117\"><span style=\"color: #000000;\"><strong>20 Eur<\/strong><\/span><\/td>\n<td style=\"width: 82.1333%; height: 55px; text-align: center;\" width=\"117\"><span style=\"color: #000000;\"><strong>25 Eur<\/strong><\/span><\/td>\n<\/tr>\n<tr style=\"height: 55px;\">\n<td style=\"width: 18.0179%; height: 55px;\" width=\"108\"><span style=\"color: #000000;\"><strong>14 km<\/strong><\/span><\/td>\n<td style=\"width: 19.7603%; height: 55px; text-align: center;\" width=\"117\"><span style=\"color: #000000;\"><strong>15 Eur<\/strong><\/span><\/td>\n<td style=\"width: 19.7376%; height: 55px; text-align: center;\" width=\"117\"><span style=\"color: #000000;\"><strong>20 Eur<\/strong><\/span><\/td>\n<td style=\"width: 19.5957%; height: 55px; text-align: center;\" width=\"117\"><span style=\"color: #000000;\"><strong>25 Eur<\/strong><\/span><\/td>\n<td style=\"width: 82.1333%; height: 55px; text-align: center;\" width=\"117\"><span style=\"color: #000000;\"><strong>30 Eur<\/strong><\/span><\/td>\n<\/tr>\n<tr style=\"height: 55px;\">\n<td style=\"width: 18.0179%; height: 55px;\" width=\"108\"><span style=\"color: #000000;\"><strong>21,098 km<\/strong><\/span><\/td>\n<td style=\"width: 19.7603%; height: 55px; text-align: center;\" width=\"117\"><span style=\"color: #000000;\"><strong>20 Eur<\/strong><\/span><\/td>\n<td style=\"width: 19.7376%; height: 55px; text-align: center;\" width=\"117\"><span style=\"color: #000000;\"><strong>25 Eur<\/strong><\/span><\/td>\n<td style=\"width: 19.5957%; height: 55px; text-align: center;\" width=\"117\"><span style=\"color: #000000;\"><strong>30 Eur<\/strong><\/span><\/td>\n<td style=\"width: 82.1333%; height: 55px; text-align: center;\" width=\"117\"><span style=\"color: #000000;\"><strong>\u00a035 Eur<\/strong><\/span><\/td>\n<\/tr>\n<tr style=\"height: 55px;\">\n<td style=\"width: 18.0179%; height: 55px;\" width=\"108\"><span style=\"color: #000000;\"><strong>42,195 km<\/strong><\/span><\/td>\n<td style=\"width: 19.7603%; height: 55px; text-align: center;\" width=\"117\"><span style=\"color: #000000;\"><strong>25 Eur<\/strong><\/span><\/td>\n<td style=\"width: 19.7376%; height: 55px; text-align: center;\" width=\"117\"><span style=\"color: #000000;\"><strong>30 Eur<\/strong><\/span><\/td>\n<td style=\"width: 19.5957%; height: 55px; text-align: center;\" width=\"117\"><span style=\"color: #000000;\"><strong>35 Eur<\/strong><\/span><\/td>\n<td style=\"width: 82.1333%; height: 55px; text-align: center;\" width=\"117\"><span style=\"color: #000000;\"><strong>40 Eur<\/strong><\/span><\/td>\n<\/tr>\n<tr style=\"height: 55px;\">\n<td style=\"width: 18.0179%; height: 55px;\"><span style=\"color: #000000;\"><strong>\u0160iaurieti\u0161kas \u0117jimas 5,5 km<\/strong><\/span><\/td>\n<td style=\"width: 19.7603%; height: 55px; text-align: center;\" width=\"117\"><span style=\"color: #000000;\"><strong>10 Eur<\/strong><\/span><\/td>\n<td style=\"width: 19.7376%; height: 55px; text-align: center;\" width=\"117\"><span style=\"color: #000000;\"><strong>15 Eur<\/strong><\/span><\/td>\n<td style=\"width: 19.5957%; height: 55px; text-align: center;\" width=\"117\"><span style=\"color: #000000;\"><strong>20 Eur<\/strong><\/span><\/td>\n<td style=\"width: 82.1333%; height: 55px; text-align: center;\" width=\"117\"><span style=\"color: #000000;\"><strong>25 Eur<\/strong><\/span><\/td>\n<\/tr>\n<tr style=\"height: 55px;\">\n<td style=\"width: 18.0179%; height: 55px;\"><span style=\"color: #000000;\"><strong>\u0160iaurieti\u0161kas \u0117jimas 10,6 km<\/strong><\/span><\/td>\n<td style=\"width: 19.7603%; height: 55px; text-align: center;\" width=\"117\"><span style=\"color: #000000;\"><strong>15 Eur<\/strong><\/span><\/td>\n<td style=\"width: 19.7376%; height: 55px; text-align: center;\" width=\"117\"><span style=\"color: #000000;\"><strong>20 Eur<\/strong><\/span><\/td>\n<td style=\"width: 19.5957%; height: 55px; text-align: center;\" width=\"117\"><span style=\"color: #000000;\"><strong>25 Eur<\/strong><\/span><\/td>\n<td style=\"width: 82.1333%; height: 55px; text-align: center;\" width=\"117\"><span style=\"color: #000000;\"><strong>30 Eur<\/strong><\/span><\/td>\n<\/tr>\n<tr style=\"height: 103px;\">\n<td style=\"width: 18.0179%; height: 31px;\" width=\"108\"><span style=\"color: #000000;\"><strong>\u0160iaurieti\u0161kas \u0117jimas 21,098 km<\/strong><\/span><\/td>\n<td style=\"width: 19.7603%; height: 31px; text-align: center;\" width=\"117\"><span style=\"color: #000000;\"><strong>20 Eur<\/strong><\/span><\/td>\n<td style=\"width: 19.7376%; height: 31px; text-align: center;\" width=\"117\"><span style=\"color: #000000;\"><strong>25 Eur<\/strong><\/span><\/td>\n<td style=\"width: 19.5957%; height: 31px; text-align: center;\" width=\"117\"><span style=\"color: #000000;\"><strong>30 Eur<\/strong><\/span><\/td>\n<td style=\"width: 82.1333%; height: 31px; text-align: center;\" width=\"117\"><span style=\"color: #000000;\"><strong>35 Eur<\/strong><\/span><\/td>\n<\/tr>\n<tr style=\"height: 10px;\">\n<td style=\"width: 18.0179%; height: 21px;\" width=\"108\"><\/td>\n<td style=\"width: 19.7603%; height: 21px; text-align: center;\" width=\"117\"><\/td>\n<td style=\"width: 19.7376%; height: 21px; text-align: center;\" width=\"117\"><\/td>\n<td style=\"width: 19.5957%; height: 21px; text-align: center;\" width=\"117\"><\/td>\n<td style=\"width: 82.1333%; height: 21px; text-align: center;\" width=\"117\"><span style=\"color: #000000;\"><strong>&#8211;<\/strong><\/span><\/td>\n<\/tr>\n<\/tbody>\n<\/table>\n<p><span style=\"color: #000000;\">Dalyvio startinis mokestis negr\u0105\u017einamas.<\/span><br \/>\n<span style=\"color: #000000;\">Jei u\u017esiregistrav\u0119s dalyvis nori keisti rungt\u012f:<\/span><br \/>\n<span style=\"color: #000000;\">2.1 \u012f trumpesn\u0119, jis turi sumok\u0117ti rungties keitimo mokest\u012f \u2013 5 EUR.<\/span><br \/>\n<span style=\"color: #000000;\">2.2 \u012f ilgesn\u0119, jis turi primok\u0117ti startinio mokes\u010dio skirtum\u0105, pagal \u0161iai dienai galiojant\u012f ilgesn\u0117s rungties startin\u012f mokest\u012f bei rungties keitimo 5 EUR mokest\u012f.<\/span><br \/>\n<span style=\"color: #000000;\">2.3 Norint perleisti registracij\u0105 kitam dalyviui mokamas 5 \u20ac mokestis.<\/span><br \/>\n<span style=\"color: #000000;\">2.4 Dalyvio duomen\u0173 atnaujinimo, keitimo mokestis 5 EUR. Pakeitimai atliekami iki 2026-07-03 imtinai, v\u0117liau jokie pakeitimai nebus galimi.<\/span><br \/>\n<span style=\"color: #000000;\">2.5 Registracijos, dalyvio duomen\u0173 keitimo mokestis pervedamas \u012f V\u0161\u012e Maratomanija s\u0105skait\u0105: SWEDBANK: LT 39 7300 0101 5760 4275<\/span><\/p>\n<p><span style=\"font-size: 14pt;\"><strong><span style=\"color: #000000;\">XI. DALYVI\u0172 REGISTRAVIMAS IR NUMERI\u0172 I\u0160DAVIMAS<\/span><\/strong><\/span><\/p>\n<p><span style=\"color: #000000;\">Registracija atidaroma 2026 m. baland\u017eio 1 d.<\/span><br \/>\n<span style=\"color: #000000;\">Visi dalyviai gali registruotis interneto svetain\u0117je https:\/\/www.myrace.lt\/alytus\/<\/span><br \/>\n<span style=\"color: #000000;\">I\u0161ankstin\u0117 internetin\u0117 registracija sustabdoma 2026 m. bir\u017eelio 10 d. 20.00 val. V\u0117liau bus galima registruotis tik renginio dien\u0105 starto vietoje.<\/span><br \/>\n<span style=\"color: #000000;\">Numeriai bus dalinami renginio dien\u0105 nuo 7.00 val. starto vietoje.<\/span><\/p>\n<p><span style=\"font-size: 14pt;\"><strong><span style=\"color: #000000;\">XII. BAIGIAMOSIOS NUOSTATOS<\/span><\/strong><\/span><br \/>\n<span style=\"color: #000000;\">B\u0117gimo organizatoriai pasilieka teis\u0119, reikalui esant, keisti var\u017eyb\u0173 taisykles.<\/span><\/p>\n<p><span style=\"color: #000000;\">I\u0161kilusiais klausimais galima kreiptis: tel.: +37061532233. arba ra\u0161yti:<\/span> maratomanija@gmail.com.<\/p>\n","protected":false},"excerpt":{"rendered":"<p>NUOSTATAI I. BENDROJI DALIS V\u0161\u012e \u201eMaratomanija\u201d 2026 m. bir\u017eelio 14 d. rengia &#8222;ALYTAUS MARATONAS 2026&#8221; II. TIKSLAI IR U\u017dDAVINIAI Populiarinti maraton\u0173 b\u0117gimo kult\u016br\u0105 Lietuvoje. Populiarinti b\u0117gim\u0105 Lietuvoje. Vie\u0161inti rengin\u012f, garsinant Alyt\u0173. I\u0161siai\u0161kinti ir apdovanoti geriausius b\u0117gikus. III. RENGINIO ORGANIZATORI\u0172 ATSAKOMYB\u0116 IR PAREIGOS 1. Registruoti renginio dalyvius, pagaminti ir i\u0161duoti numerius. 2. I\u0161matuoti tras\u0105 bei techni\u0161kai [&hellip;]<\/p>\n","protected":false},"author":1,"featured_media":0,"parent":0,"menu_order":0,"comment_status":"closed","ping_status":"closed","template":"templates\/full-width-page.php","meta":{"footnotes":""},"class_list":["post-12","page","type-page","status-publish","hentry"],"_links":{"self":[{"href":"https:\/\/www.myrace.lt\/alytus\/wp-json\/wp\/v2\/pages\/12","targetHints":{"allow":["GET"]}}],"collection":[{"href":"https:\/\/www.myrace.lt\/alytus\/wp-json\/wp\/v2\/pages"}],"about":[{"href":"https:\/\/www.myrace.lt\/alytus\/wp-json\/wp\/v2\/types\/page"}],"author":[{"embeddable":true,"href":"https:\/\/www.myrace.lt\/alytus\/wp-json\/wp\/v2\/users\/1"}],"replies":[{"embeddable":true,"href":"https:\/\/www.myrace.lt\/alytus\/wp-json\/wp\/v2\/comments?post=12"}],"version-history":[{"count":3,"href":"https:\/\/www.myrace.lt\/alytus\/wp-json\/wp\/v2\/pages\/12\/revisions"}],"predecessor-version":[{"id":31,"href":"https:\/\/www.myrace.lt\/alytus\/wp-json\/wp\/v2\/pages\/12\/revisions\/31"}],"wp:attachment":[{"href":"https:\/\/www.myrace.lt\/alytus\/wp-json\/wp\/v2\/media?parent=12"}],"curies":[{"name":"wp","href":"https:\/\/api.w.org\/{rel}","templated":true}]}}